{"id":2181,"date":"2018-11-06T01:30:20","date_gmt":"2018-11-05T23:30:20","guid":{"rendered":"https:\/\/www.proteyco.es\/auditoria-tecnica\/"},"modified":"2020-12-21T19:29:39","modified_gmt":"2020-12-21T17:29:39","slug":"auditoria-tecnica","status":"publish","type":"page","link":"https:\/\/www.proteyco.es\/en\/servicios\/revalorizacion-de-activos\/auditoria-tecnica\/","title":{"rendered":"Auditor\u00eda T\u00e9cnica"},"content":{"rendered":"<p>[vc_section][vc_row][vc_column][vc_column_text]<\/p>\n<h1 class=\"text-center\">AUDITOR\u00cdA T\u00c9CNICA<\/h1>\n<div class=\"titleline-center\"><\/div>\n<p>[\/vc_column_text][\/vc_column][\/vc_row][vc_row][vc_column][vc_column_text]Para tomar una buena decisi\u00f3n, o la decisi\u00f3n correcta, es imprescindible conocer todos los datos que encaminen esa decisi\u00f3n en un sentido u en otro.<\/p>\n<p>Nadie se compra un coche sin conocer con anterioridad sus caracter\u00edsticas y prestaciones. No puede ocurrir que compres un coche de gasolina y de cambio manual, cuando lo que quer\u00edas en realidad era uno di\u00e9sel y de cambio autom\u00e1tico. Menuda sorpresa.<\/p>\n<p>En el negocio inmobiliario ocurre lo mismo.<\/p>\n<p>Cuando est\u00e1 en juego el \u00e9xito de una inversi\u00f3n inmobiliaria, el conocer en detalle el activo en el que se pretende invertir, o no, es fundamental.<\/p>\n<p>Para ello es preciso realizar un estudio pormenorizado del mismo para que en base a su an\u00e1lisis y sus conclusiones, el inversor pueda tomar las decisiones que mejor se ajusten a sus intereses.<\/p>\n<p>Una parte muy relevante del estudio del activo es el an\u00e1lisis t\u00e9cnico, <strong>la auditor\u00eda t\u00e9cnica<\/strong>.<\/p>\n<p>En ella han de darse a conocer todas las caracter\u00edsticas del activo desde un punto de vista t\u00e9cnico, de tal modo que puestas en com\u00fan con el resto de datos fundamentales, sean clave para la toma de decisiones.[\/vc_column_text][\/vc_column][\/vc_row][\/vc_section][vc_section][vc_row][vc_column][vc_column_text]<\/p>\n<h2>QU\u00c9 SON LAS AUDITOR\u00cdAS T\u00c9CNICAS<\/h2>\n<p>Las <strong>auditorias t\u00e9cnicas<\/strong> son informes que eval\u00faan los edificios desde un punto de vista t\u00e9cnico.<\/p>\n<p>La auditor\u00eda debe dar a conocer la realidad t\u00e9cnica de los edificios, ser transparente y objetiva, y tener en cuenta tambi\u00e9n la realidad del mercado inmobiliario.<\/p>\n<p>La <strong>auditor\u00eda t\u00e9cnica<\/strong> es una herramienta fundamental para conocer un activo desde el punto de vista de t\u00e9cnico, y que aporta los datos necesarios para valorar la idoneidad o no de la inversi\u00f3n desde un punto de vista t\u00e9cnico.[\/vc_column_text][\/vc_column][\/vc_row][vc_row][vc_column][vc_column_text]<\/p>\n<h2>EL ESTADO ACTUAL DEL ACTIVO<\/h2>\n<p>El conocimiento del estado actual del edificio es el punto de partida de la auditor\u00eda t\u00e9cnica.<\/p>\n<p>Se trata de dar a conocer el estado de su estructura y cimentaci\u00f3n, de su fachada, del estado de conservaci\u00f3n de su cubierta, del estado y funcionamiento de sus instalaciones de climatizaci\u00f3n, de saneamiento, etc. etc., y sobre todo, de evaluar la repercusi\u00f3n del coste de la inversi\u00f3n para la adquisici\u00f3n, y de la inversi\u00f3n requerida para llevar a cabo las actuaciones de refuerzo, mejora, o puesta en servicio que en su caso sean necesarias.<\/p>\n<p>Conocer el estado real del edificio es uno de los puntos m\u00e1s importantes de la <strong>auditor\u00eda t\u00e9cnica<\/strong>, pues puede determinarse en base a ello la inversi\u00f3n necesaria para adecuar el edificio al estado futuro que se pretende.<\/p>\n<p>Por ejemplo, el coste de inversi\u00f3n en la puesta a punto de un edificio de viviendas para mantenerlo como edificio de viviendas, podr\u00eda ser significativamente menor que el coste requerido para transformarlo en un edifico de oficinas (si urban\u00edsticamente fuera viable) pues muy probablemente fuera necesario modificar totalmente la distribuci\u00f3n actual del mismo (estructura y arquitectura) y actualizar la totalidad de sus instalaciones para dar cumplimento al normativa de aplicaci\u00f3n vigente para uso terciario de oficinas.<\/p>\n<p>Es importante en este sentido y a la hora de desarrollar la <strong>auditor\u00eda t\u00e9cnica<\/strong>, conocer el destino y previsi\u00f3n futura del edificio.<\/p>\n<p>La <strong>auditor\u00eda t\u00e9cnica<\/strong> debe considerar todos los cap\u00edtulos t\u00e9cnicos del edifico, dando a conocer el estado de todos ellos:<\/p>\n<ul>\n<li>La urbanizaci\u00f3n y cerramientos<\/li>\n<li>La cimentaci\u00f3n.<\/li>\n<li>La estructura (vertical y horizontal).<\/li>\n<li>La arquitectura.\n<ul>\n<li>Fachadas.<\/li>\n<li>Distribuci\u00f3n interior.<\/li>\n<li>Carpinter\u00edas (exteriores e interiores).<\/li>\n<li>Acabados.<\/li>\n<\/ul>\n<\/li>\n<li>Las instalaciones<\/li>\n<li>Saneamiento<\/li>\n<li>Fontaner\u00eda<\/li>\n<li>Climatizaci\u00f3n \/ ventilaci\u00f3n<\/li>\n<li>Electricidad \/ Iluminaci\u00f3n<\/li>\n<li>Telecomunicaciones<\/li>\n<li>Energ\u00edas renovables<\/li>\n<li>Ascensores<\/li>\n<li>Seguridad<\/li>\n<li>Especiales<\/li>\n<\/ul>\n<p>A partir del an\u00e1lisis realizado de cada uno de los cap\u00edtulos anteriores, y conociendo el destino y uso pretendido del edifico, se puede valorar la repercusi\u00f3n del coste de la inversi\u00f3n en este sentido, tanto para valorar la adquisici\u00f3n del inmueble como para las posibles actuaciones futuras.[\/vc_column_text][\/vc_column][\/vc_row][vc_row][vc_column][vc_column_text]<\/p>\n<h2>QUI\u00c9N NECESITA UNA AUDITOR\u00cdA T\u00c9CNICA<\/h2>\n<p>Las<strong> auditorias t\u00e9cnicas<\/strong> son requeridas por el sector inmobiliario, en todos su \u00e1mbitos: promotoras, fondos de inversi\u00f3n, consultores, inmobiliarias, entidades financieras, administraciones p\u00fablicas, etc., e incluso profesionales t\u00e9cnicos del sector (arquitectos, ingenieros, despachos de abogados\u2026)[\/vc_column_text][\/vc_column][\/vc_row][vc_row][vc_column][vc_column_text]<\/p>\n<h2>QUI\u00c9N REALIZA LA AUDITOR\u00cdA T\u00c9CNICA<\/h2>\n<p>La <strong>auditor\u00eda t\u00e9cnica<\/strong> debe realizarse por t\u00e9cnicos cualificados y con experiencia en este tipo de trabajos profesionales. Arquitectos y arquitectos t\u00e9cnicos que desarrollan la parte arquitect\u00f3nica, e ingenieros de las distintas especialidades que desarrollan la parte de las instalaciones del edificio.[\/vc_column_text][\/vc_column][\/vc_row][vc_row][vc_column][vc_column_text]<\/p>\n<h2>QU\u00c9 ASPECTOS SE ANALIZAN EN UNA AUDITOR\u00cdA T\u00c9CNICA<\/h2>\n<p>La <strong>auditor\u00eda t\u00e9cnica<\/strong> debe analizar e informar sobre el estado del edificio desde una perspectiva t\u00e9cnica, de tal modo que pueda determinarse en este sentido el valor del activo, y asimismo el coste de las actuaciones que en su caso se determinen, todo ello encaminado a que el interesado pueda tomar las decisiones que mejor se ajusten a su intereses.<\/p>\n<p>La <strong>auditor\u00eda t\u00e9cnica<\/strong> es la herramienta fundamental para evitar sorpresas una vez tomada una decisi\u00f3n, una vez analizados los riegos de este tipo, y previendo todos los costes derivados de la inversi\u00f3n inmobiliaria.<\/p>\n<p>La <strong>auditor\u00eda t\u00e9cnica<\/strong> analiza tanto la documentaci\u00f3n existente del edificio (historial de proyectos de obra, proyectos de ejecuci\u00f3n de obras, proyectos de instalaciones, modificaciones posteriores, memorias t\u00e9cnicas, planos, fichas t\u00e9cnicas, etc.), como la realidad existente en el propio edificio (estructura, arquitectura e instalaciones), para lo cual se realizan las visitas de inspecci\u00f3n necesarias.<\/p>\n<p>La <strong>auditor\u00eda t\u00e9cnica<\/strong> pondr\u00e1 de manifiesto:<\/p>\n<ul>\n<li>Si el edificio tiene problemas de tipo estructural, y en tal caso, el valor de su adecuaci\u00f3n.<\/li>\n<li>Si el edificio tiene humedades, y de d\u00f3nde provienen.<\/li>\n<li>Si la cubierta est\u00e1 en buen estado o no, y en su caso, coste de reparaci\u00f3n.<\/li>\n<li>Si ser\u00e1 necesario reforzar su estructura si se pretende cambiar su uso urban\u00edstico.<\/li>\n<li>Si sus fachadas y sus aislamientos t\u00e9rmicos y ac\u00fasticos cumplen con la normativa actual. Si es necesario cambiar las ventanas, y su coste.<\/li>\n<li>Si las instalaciones de climatizaci\u00f3n son obsoletas y si es necesario cambiarlas por completo. Coste de la actuaci\u00f3n.<\/li>\n<li>Si va a ser necesario incorporar un centro de trasformaci\u00f3n para el nuevo uso y actividad pretendida.<\/li>\n<li>Etc.<\/li>\n<\/ul>\n<p>Y todo ello encaminado a dar a conocer los datos t\u00e9cnicos precisos para la valoraci\u00f3n del inmueble, y el coste necesario para su adecuaci\u00f3n y mantenimiento (en su caso y sea cual sea) evitando sorpresas futuras no evaluadas ni tenidas en cuenta en el an\u00e1lisis de la inversi\u00f3n.<\/p>\n<p>Para completar el an\u00e1lisis del activo se desarrollan <a href=\"https:\/\/www.proteyco.es\/en\/servicios\/revalorizacion-de-activos\/due-dilligence-inmobiliarias\/\">Due Diligences Inmobiliarias<\/a>, informes que desarrollan y eval\u00faan entre otros los aspectos urban\u00edsticos igualmente important\u00edsimos, y que junto con las <strong>auditorias t\u00e9cnicas<\/strong> ofrecen la informaci\u00f3n completa y necesaria del inmueble para la toma de decisiones, evitando riesgos necesarios, presentes y futuros.<\/p>\n<p>El equipo t\u00e9cnico de Proteyco Ib\u00e9rica es un equipo multidisciplinar de arquitectos e ingenieros especialistas en la elaboraci\u00f3n de <strong>auditor\u00edas t\u00e9cnicas<\/strong>, con una experiencia en el sector de m\u00e1s de 40 a\u00f1os.[\/vc_column_text][\/vc_column][\/vc_row][\/vc_section]<\/p>\n","protected":false},"excerpt":{"rendered":"<p>[vc_section][vc_row][vc_column][vc_column_text] AUDITOR\u00cdA T\u00c9CNICA [\/vc_column_text][\/vc_column][\/vc_row][vc_row][vc_column][vc_column_text]Para tomar una buena decisi\u00f3n, o la decisi\u00f3n correcta, es imprescindible conocer todos los datos que encaminen esa decisi\u00f3n en un sentido u en otro. Nadie se compra un coche sin conocer con anterioridad sus caracter\u00edsticas y prestaciones. No puede ocurrir que compres un coche de gasolina y de cambio manual, cuando [&hellip;]<\/p>\n","protected":false},"author":1,"featured_media":0,"parent":2195,"menu_order":0,"comment_status":"closed","ping_status":"closed","template":"","meta":{"footnotes":""},"class_list":["post-2181","page","type-page","status-publish","hentry"],"yoast_head":"<!-- This site is optimized with the Yoast SEO plugin v27.5 - https:\/\/yoast.com\/product\/yoast-seo-wordpress\/ -->\n<title>Auditor\u00eda T\u00e9cnica - Proteyco<\/title>\n<meta name=\"robots\" content=\"index, follow, max-snippet:-1, max-image-preview:large, max-video-preview:-1\" \/>\n<link rel=\"canonical\" href=\"https:\/\/www.proteyco.es\/en\/servicios\/revalorizacion-de-activos\/auditoria-tecnica\/\" \/>\n<meta property=\"og:locale\" content=\"en_US\" \/>\n<meta property=\"og:type\" content=\"article\" \/>\n<meta property=\"og:title\" content=\"Auditor\u00eda T\u00e9cnica - Proteyco\" \/>\n<meta property=\"og:description\" content=\"[vc_section][vc_row][vc_column][vc_column_text] AUDITOR\u00cdA T\u00c9CNICA [\/vc_column_text][\/vc_column][\/vc_row][vc_row][vc_column][vc_column_text]Para tomar una buena decisi\u00f3n, o la decisi\u00f3n correcta, es imprescindible conocer todos los datos que encaminen esa decisi\u00f3n en un sentido u en otro. Nadie se compra un coche sin conocer con anterioridad sus caracter\u00edsticas y prestaciones. No puede ocurrir que compres un coche de gasolina y de cambio manual, cuando [&hellip;]\" \/>\n<meta property=\"og:url\" content=\"https:\/\/www.proteyco.es\/en\/servicios\/revalorizacion-de-activos\/auditoria-tecnica\/\" \/>\n<meta property=\"og:site_name\" content=\"Proteyco\" \/>\n<meta property=\"article:modified_time\" content=\"2020-12-21T17:29:39+00:00\" \/>\n<meta name=\"twitter:card\" content=\"summary_large_image\" \/>\n<meta name=\"twitter:site\" content=\"@Proteyco\" \/>\n<meta name=\"twitter:label1\" content=\"Est. reading time\" \/>\n\t<meta name=\"twitter:data1\" content=\"7 minutes\" \/>\n<script type=\"application\/ld+json\" class=\"yoast-schema-graph\">{\"@context\":\"https:\\\/\\\/schema.org\",\"@graph\":[{\"@type\":\"WebPage\",\"@id\":\"https:\\\/\\\/www.proteyco.es\\\/en\\\/servicios\\\/revalorizacion-de-activos\\\/auditoria-tecnica\\\/\",\"url\":\"https:\\\/\\\/www.proteyco.es\\\/en\\\/servicios\\\/revalorizacion-de-activos\\\/auditoria-tecnica\\\/\",\"name\":\"Auditor\u00eda T\u00e9cnica - Proteyco\",\"isPartOf\":{\"@id\":\"https:\\\/\\\/www.proteyco.es\\\/en\\\/#website\"},\"datePublished\":\"2018-11-05T23:30:20+00:00\",\"dateModified\":\"2020-12-21T17:29:39+00:00\",\"breadcrumb\":{\"@id\":\"https:\\\/\\\/www.proteyco.es\\\/en\\\/servicios\\\/revalorizacion-de-activos\\\/auditoria-tecnica\\\/#breadcrumb\"},\"inLanguage\":\"en-US\",\"potentialAction\":[{\"@type\":\"ReadAction\",\"target\":[\"https:\\\/\\\/www.proteyco.es\\\/en\\\/servicios\\\/revalorizacion-de-activos\\\/auditoria-tecnica\\\/\"]}]},{\"@type\":\"BreadcrumbList\",\"@id\":\"https:\\\/\\\/www.proteyco.es\\\/en\\\/servicios\\\/revalorizacion-de-activos\\\/auditoria-tecnica\\\/#breadcrumb\",\"itemListElement\":[{\"@type\":\"ListItem\",\"position\":1,\"name\":\"Portada\",\"item\":\"https:\\\/\\\/www.proteyco.es\\\/en\\\/\"},{\"@type\":\"ListItem\",\"position\":2,\"name\":\"Services\",\"item\":\"https:\\\/\\\/www.proteyco.es\\\/en\\\/servicios\\\/\"},{\"@type\":\"ListItem\",\"position\":3,\"name\":\"Asset Repositioning\",\"item\":\"https:\\\/\\\/www.proteyco.es\\\/en\\\/servicios\\\/revalorizacion-de-activos\\\/\"},{\"@type\":\"ListItem\",\"position\":4,\"name\":\"Auditor\u00eda T\u00e9cnica\"}]},{\"@type\":\"WebSite\",\"@id\":\"https:\\\/\\\/www.proteyco.es\\\/en\\\/#website\",\"url\":\"https:\\\/\\\/www.proteyco.es\\\/en\\\/\",\"name\":\"Proteyco, Ingenier\u00eda y Urbanismo\",\"description\":\"Ingenier\u00eda y Urbanismo\",\"publisher\":{\"@id\":\"https:\\\/\\\/www.proteyco.es\\\/en\\\/#organization\"},\"potentialAction\":[{\"@type\":\"SearchAction\",\"target\":{\"@type\":\"EntryPoint\",\"urlTemplate\":\"https:\\\/\\\/www.proteyco.es\\\/en\\\/?s={search_term_string}\"},\"query-input\":{\"@type\":\"PropertyValueSpecification\",\"valueRequired\":true,\"valueName\":\"search_term_string\"}}],\"inLanguage\":\"en-US\"},{\"@type\":\"Organization\",\"@id\":\"https:\\\/\\\/www.proteyco.es\\\/en\\\/#organization\",\"name\":\"Proteyco Ingenier\u00eda y Urbanismo\",\"url\":\"https:\\\/\\\/www.proteyco.es\\\/en\\\/\",\"logo\":{\"@type\":\"ImageObject\",\"inLanguage\":\"en-US\",\"@id\":\"https:\\\/\\\/www.proteyco.es\\\/en\\\/#\\\/schema\\\/logo\\\/image\\\/\",\"url\":\"https:\\\/\\\/www.proteyco.es\\\/wp-content\\\/uploads\\\/2016\\\/07\\\/Logo-proteyco.png\",\"contentUrl\":\"https:\\\/\\\/www.proteyco.es\\\/wp-content\\\/uploads\\\/2016\\\/07\\\/Logo-proteyco.png\",\"width\":142,\"height\":71,\"caption\":\"Proteyco Ingenier\u00eda y Urbanismo\"},\"image\":{\"@id\":\"https:\\\/\\\/www.proteyco.es\\\/en\\\/#\\\/schema\\\/logo\\\/image\\\/\"},\"sameAs\":[\"https:\\\/\\\/x.com\\\/Proteyco\",\"https:\\\/\\\/www.linkedin.com\\\/company\\\/proteyco-ib-rica-s.a.\",\"https:\\\/\\\/www.youtube.com\\\/channel\\\/UCz7LVFTQjK_wKB9pI1JWrQQ\"]}]}<\/script>\n<!-- \/ Yoast SEO plugin. -->","yoast_head_json":{"title":"Auditor\u00eda T\u00e9cnica - Proteyco","robots":{"index":"index","follow":"follow","max-snippet":"max-snippet:-1","max-image-preview":"max-image-preview:large","max-video-preview":"max-video-preview:-1"},"canonical":"https:\/\/www.proteyco.es\/en\/servicios\/revalorizacion-de-activos\/auditoria-tecnica\/","og_locale":"en_US","og_type":"article","og_title":"Auditor\u00eda T\u00e9cnica - Proteyco","og_description":"[vc_section][vc_row][vc_column][vc_column_text] AUDITOR\u00cdA T\u00c9CNICA [\/vc_column_text][\/vc_column][\/vc_row][vc_row][vc_column][vc_column_text]Para tomar una buena decisi\u00f3n, o la decisi\u00f3n correcta, es imprescindible conocer todos los datos que encaminen esa decisi\u00f3n en un sentido u en otro. Nadie se compra un coche sin conocer con anterioridad sus caracter\u00edsticas y prestaciones. No puede ocurrir que compres un coche de gasolina y de cambio manual, cuando [&hellip;]","og_url":"https:\/\/www.proteyco.es\/en\/servicios\/revalorizacion-de-activos\/auditoria-tecnica\/","og_site_name":"Proteyco","article_modified_time":"2020-12-21T17:29:39+00:00","twitter_card":"summary_large_image","twitter_site":"@Proteyco","twitter_misc":{"Est. reading time":"7 minutes"},"schema":{"@context":"https:\/\/schema.org","@graph":[{"@type":"WebPage","@id":"https:\/\/www.proteyco.es\/en\/servicios\/revalorizacion-de-activos\/auditoria-tecnica\/","url":"https:\/\/www.proteyco.es\/en\/servicios\/revalorizacion-de-activos\/auditoria-tecnica\/","name":"Auditor\u00eda T\u00e9cnica - Proteyco","isPartOf":{"@id":"https:\/\/www.proteyco.es\/en\/#website"},"datePublished":"2018-11-05T23:30:20+00:00","dateModified":"2020-12-21T17:29:39+00:00","breadcrumb":{"@id":"https:\/\/www.proteyco.es\/en\/servicios\/revalorizacion-de-activos\/auditoria-tecnica\/#breadcrumb"},"inLanguage":"en-US","potentialAction":[{"@type":"ReadAction","target":["https:\/\/www.proteyco.es\/en\/servicios\/revalorizacion-de-activos\/auditoria-tecnica\/"]}]},{"@type":"BreadcrumbList","@id":"https:\/\/www.proteyco.es\/en\/servicios\/revalorizacion-de-activos\/auditoria-tecnica\/#breadcrumb","itemListElement":[{"@type":"ListItem","position":1,"name":"Portada","item":"https:\/\/www.proteyco.es\/en\/"},{"@type":"ListItem","position":2,"name":"Services","item":"https:\/\/www.proteyco.es\/en\/servicios\/"},{"@type":"ListItem","position":3,"name":"Asset Repositioning","item":"https:\/\/www.proteyco.es\/en\/servicios\/revalorizacion-de-activos\/"},{"@type":"ListItem","position":4,"name":"Auditor\u00eda T\u00e9cnica"}]},{"@type":"WebSite","@id":"https:\/\/www.proteyco.es\/en\/#website","url":"https:\/\/www.proteyco.es\/en\/","name":"Proteyco, Ingenier\u00eda y Urbanismo","description":"Ingenier\u00eda y Urbanismo","publisher":{"@id":"https:\/\/www.proteyco.es\/en\/#organization"},"potentialAction":[{"@type":"SearchAction","target":{"@type":"EntryPoint","urlTemplate":"https:\/\/www.proteyco.es\/en\/?s={search_term_string}"},"query-input":{"@type":"PropertyValueSpecification","valueRequired":true,"valueName":"search_term_string"}}],"inLanguage":"en-US"},{"@type":"Organization","@id":"https:\/\/www.proteyco.es\/en\/#organization","name":"Proteyco Ingenier\u00eda y Urbanismo","url":"https:\/\/www.proteyco.es\/en\/","logo":{"@type":"ImageObject","inLanguage":"en-US","@id":"https:\/\/www.proteyco.es\/en\/#\/schema\/logo\/image\/","url":"https:\/\/www.proteyco.es\/wp-content\/uploads\/2016\/07\/Logo-proteyco.png","contentUrl":"https:\/\/www.proteyco.es\/wp-content\/uploads\/2016\/07\/Logo-proteyco.png","width":142,"height":71,"caption":"Proteyco Ingenier\u00eda y Urbanismo"},"image":{"@id":"https:\/\/www.proteyco.es\/en\/#\/schema\/logo\/image\/"},"sameAs":["https:\/\/x.com\/Proteyco","https:\/\/www.linkedin.com\/company\/proteyco-ib-rica-s.a.","https:\/\/www.youtube.com\/channel\/UCz7LVFTQjK_wKB9pI1JWrQQ"]}]}},"_links":{"self":[{"href":"https:\/\/www.proteyco.es\/en\/wp-json\/wp\/v2\/pages\/2181","targetHints":{"allow":["GET"]}}],"collection":[{"href":"https:\/\/www.proteyco.es\/en\/wp-json\/wp\/v2\/pages"}],"about":[{"href":"https:\/\/www.proteyco.es\/en\/wp-json\/wp\/v2\/types\/page"}],"author":[{"embeddable":true,"href":"https:\/\/www.proteyco.es\/en\/wp-json\/wp\/v2\/users\/1"}],"replies":[{"embeddable":true,"href":"https:\/\/www.proteyco.es\/en\/wp-json\/wp\/v2\/comments?post=2181"}],"version-history":[{"count":1,"href":"https:\/\/www.proteyco.es\/en\/wp-json\/wp\/v2\/pages\/2181\/revisions"}],"predecessor-version":[{"id":2187,"href":"https:\/\/www.proteyco.es\/en\/wp-json\/wp\/v2\/pages\/2181\/revisions\/2187"}],"up":[{"embeddable":true,"href":"https:\/\/www.proteyco.es\/en\/wp-json\/wp\/v2\/pages\/2195"}],"wp:attachment":[{"href":"https:\/\/www.proteyco.es\/en\/wp-json\/wp\/v2\/media?parent=2181"}],"curies":[{"name":"wp","href":"https:\/\/api.w.org\/{rel}","templated":true}]}}