{"id":2167,"date":"2018-11-06T22:14:30","date_gmt":"2018-11-06T20:14:30","guid":{"rendered":"https:\/\/www.proteyco.es\/proyectos-de-reparcelacion\/"},"modified":"2020-12-21T19:29:38","modified_gmt":"2020-12-21T17:29:38","slug":"proyectos-de-reparcelacion","status":"publish","type":"page","link":"https:\/\/www.proteyco.es\/en\/proyectos-de-reparcelacion\/","title":{"rendered":"Proyectos de Reparcelaci\u00f3n"},"content":{"rendered":"<p>[vc_section][vc_row][vc_column][vc_column_text]<\/p>\n<h1 class=\"text-center\">PROYECTOS DE REPARCELACION<\/h1>\n<div class=\"titleline-center\"><\/div>\n<p>[\/vc_column_text][\/vc_column][\/vc_row][vc_row][vc_column][vc_column_text]Cuando tenemos un \u00e1mbito, o zona de un municipio, que est\u00e1 previsto su desarrollo en los planes generales de ordenaci\u00f3n, la manera de articular o ejecutar dicho desarrollo es mediante los proyectos de reparcelaci\u00f3n.<\/p>\n<p><strong><u>Objetivos<\/u><\/strong><\/p>\n<p>De una manera sencilla el objetivo principal de una reparcelaci\u00f3n de un \u00e1mbito es el de equidistribuir todos los beneficios y las cargas entre los distintos propietarios de los terrenos y establecer las zonas y\/o parcelas que se ceden al municipio.<\/p>\n<p>Todos los propietarios de terrenos que est\u00e9n dentro de un \u00e1mbito concreto aportan sus terrenos, <em>fincas aportadas<\/em>, y mediante la reparcelaci\u00f3n se obtienen, en funci\u00f3n de los par\u00e1metros establecidos en el plan general de ordenaci\u00f3n, unas parcelas de resultado.<\/p>\n<p>Estas <em>parcelas de resultado<\/em> tendr\u00e1n unos par\u00e1metros urban\u00edsticos establecidos como el uso urban\u00edstico, edificabilidad m\u00e1xima, superficie de ocupaci\u00f3n, etc.[\/vc_column_text][\/vc_column][\/vc_row][\/vc_section][vc_section][vc_row][vc_column][vc_column_text]<\/p>\n<h2>Parcelas de cesi\u00f3n<\/h2>\n<p>Un aspecto importante en las reparcelaciones son las denominadas parcelas de cesi\u00f3n al municipio, que las forman los suelos del \u00e1mbito en los que se materializan los viarios, zonas verdes y parcelas destinadas a equipamientos p\u00fablicos del \u00e1mbito, todas ellas pasando al final del proceso a titularidad municipal.<\/p>\n<p>Estas parcelas de cesi\u00f3n son obligatorias, se deben entregar urbanizadas y de forma gratuita al municipio.<\/p>\n<p>Otra cesi\u00f3n importante, y que en muchos casos los promotores \u201colvidan\u201d o no lo tienen en cuenta al iniciar el proceso , es la cesi\u00f3n, al menos en la Comunidad de Madrid, del 10% del aprovechamiento lucrativo, el cual se puede materializar en parcela finalista libre de cargas o monetiz\u00e1ndolo seg\u00fan precio acordado con los servicios municipales.<\/p>\n<p>Actualmente, en el caso del municipio de Madrid, se tiende a minimizar e incluso a evitar la monetizaci\u00f3n, prefiriendo, si es posible, que toda la cesi\u00f3n por aprovechamiento lucrativo se materialice en parcela\/s, cuyo destino normalmente, en el caso de uso residencial, es el de vivienda con alg\u00fan tipo de protecci\u00f3n.[\/vc_column_text][\/vc_column][\/vc_row][vc_row][vc_column][vc_column_text]<\/p>\n<h2>Derechos y Deberes de los propietarios<\/h2>\n<p>Los derechos o beneficios que obtienen los propietarios se fijan con una serie de criterios:<\/p>\n<ul>\n<li>Los derechos de los propietarios ser\u00e1n proporcionales a la superficie del suelo aportado al \u00e1mbito, lo cual a su vez define las cuotas de participaci\u00f3n de cada uno de ellos en el \u00e1mbito.<\/li>\n<li>Las parcelas resultantes a adjudicar se deben intentar situar pr\u00f3ximas al suelo original que ha aportado cada propietario.<\/li>\n<li>No se pueden crear parcelas con superficie por debajo de la m\u00ednima establecida, lo cual hace que para el caso de propietarios minoritarios se les adjudiquen parcelas en pro indiviso. En estos casos tambi\u00e9n cabe la posibilidad de indemnizar a estos peque\u00f1os propietarios para evitar este tipo de parcelas ya que son problem\u00e1ticas a la hora de desarrollarlas.<\/li>\n<li>En aquellos casos que en el \u00e1mbito existan suelos edificados, estos no formar\u00e1n parte del proceso, debiendo mantenerlos y compensarlos econ\u00f3micamente en caso de que proceda.<\/li>\n<\/ul>\n<p>En cuanto a los deberes o cargas que deben asumir los propietarios se pueden citar las siguientes:<\/p>\n<ul>\n<li>La carga m\u00e1s importante es el coste de las obras de urbanizaci\u00f3n del \u00e1mbito, incluyendo los costes de proyectos y gesti\u00f3n de los mismos.<\/li>\n<li>En los casos en que exista cualquier elemento, ya sean edificaciones, infraestructuras, instalaciones, etc, incompatible con el planeamiento a desarrollar se deber\u00e1n valorar econ\u00f3micamente y su importe computar\u00e1 como gasto de urbanizaci\u00f3n.<\/li>\n<li>Cualquier tipo de indemnizaci\u00f3n que hubiera que realizar tambi\u00e9n se incluir\u00e1.<\/li>\n<\/ul>\n<p>[\/vc_column_text][\/vc_column][\/vc_row][vc_row][vc_column][vc_column_text]<\/p>\n<h2>Documentos que forman un Proyecto de Reparcelaci\u00f3n<\/h2>\n<p>Al menos deber\u00e1n contener los siguientes documentos:<\/p>\n<ul>\n<li>Memoria justificativa<\/li>\n<li>Datos de los propietarios de los terrenos, aportando escrituras de constituci\u00f3n, poderes, etc.<\/li>\n<li>Descripci\u00f3n exhaustiva de las fincas aportadas, incluyendo las certificaciones registrales de cada una de ellas y consultas descriptivas y gr\u00e1ficas del catastro.<\/li>\n<li>Propuesta de adjudicaci\u00f3n de las parcelas de resultado con expresi\u00f3n del aprovechamiento urban\u00edstico que a cada una corresponda y designaci\u00f3n nominal de cada uno de los adjudicatarios.<\/li>\n<li>Evaluaci\u00f3n econ\u00f3mica de los derechos, edificaciones, construcciones o plantaciones que deban extinguirse o destruirse por incompatibilidad con la ejecuci\u00f3n del planeamiento.<\/li>\n<li>Cuenta de liquidaci\u00f3n provisional<\/li>\n<li>Planos:\n<ul>\n<li>Plano de situaci\u00f3n y relaci\u00f3n con el municipio<\/li>\n<li>Plano de delimitaci\u00f3n e informaci\u00f3n, con expresi\u00f3n de los l\u00edmites de la unidad reparcelable, linderos de las fincas afectadas, edificaciones y dem\u00e1s elementos existentes sobre el terreno.<\/li>\n<li>Plano de ordenaci\u00f3n, en el que se reproduzca el correspondiente plano del planeamiento que se ejecute.<\/li>\n<li>Plano de fincas aportadas<\/li>\n<li>Plano de adjudicaci\u00f3n, con expresi\u00f3n de los linderos de las parcelas de resultado adjudicadas.<\/li>\n<li>Plano superpuesto de los de informaci\u00f3n y adjudicaci\u00f3n<\/li>\n<li>Plano georreferenciado de las parcela de resultado.<\/li>\n<\/ul>\n<\/li>\n<\/ul>\n<p>[\/vc_column_text][\/vc_column][\/vc_row][vc_row][vc_column][vc_column_text]<\/p>\n<h2>Tramitaci\u00f3n de un Proyecto de Reparcelaci\u00f3n<\/h2>\n<p>Una cuesti\u00f3n importante que siempre le surge al promotor es el tiempo de tramitaci\u00f3n de un proyecto de este tipo, ya que condiciona de manera importante dos cuestiones que se indican a continuaci\u00f3n:<\/p>\n<p style=\"padding-left: 20px;\">&#8211; <u>Inicio de las edificaciones o construcciones en las parcelas de resultado.<\/u><\/p>\n<p style=\"padding-left: 30px;\">El \u00faltimo hito en el proceso de reparcelaci\u00f3n es la inscripci\u00f3n de las parcelas de resultado en el registro de la propiedad, no pudiendo edificar ni construir obra alguna hasta que se produzca dicho hito.<\/p>\n<p style=\"padding-left: 20px;\">&#8211; <u>Recepci\u00f3n de las obras de urbanizaci\u00f3n<\/u><\/p>\n<p style=\"padding-left: 30px;\">Por la misma raz\u00f3n que el punto anterior, hasta no tener las parcelas inscritas en el registro de la propiedad los servicios municipales no pueden recepcionar las obras de urbanizaci\u00f3n. D\u00e1ndose la circunstancia, en muchas ocasiones, de tener que paralizar, ralentizar o tener las obras de urbanizaci\u00f3n terminadas sin poder abrirlas al ciudadano por no tener resuelto el citado tr\u00e1mite.<\/p>\n<p>Como criterio general, y partiendo de la base de contar con un proyecto de reparcelaci\u00f3n consensuado y aprobado previamente por los propietarios, circunstancia que en el caso de juntas de compensaci\u00f3n puede requerir un tiempo importante, el tiempo m\u00ednimo de tramitaci\u00f3n en el Ayuntamiento de Madrid oscilar\u00eda entre 6-8 meses, y dependiendo de la dificultad puede dilatarse a 12 meses.<\/p>\n<p>El proceso finaliza con la inscripci\u00f3n de las operaciones reparcelatorias en el Registro de la Propiedad.[\/vc_column_text][\/vc_column][\/vc_row][vc_row][vc_column][vc_column_text]<\/p>\n<h2>Proyectos de Reparcelaci\u00f3n desarrollados en Proteyco<\/h2>\n<p>En Proteyco estamos especializados en la tramitaci\u00f3n de este tipo de trabajo, contamos para ello con abogados colaboradores expertos en urbanismo que desarrollan la parte jur\u00eddica del documento.<\/p>\n<p>Es de vital importancia que la parte jur\u00eddica y la parte t\u00e9cnica vayan de la mano para lograr un resultado satisfactorio y en un tiempo razonable.<\/p>\n<h3>&#8211; Proyecto de reparcelaci\u00f3n: APE 21.07 &#8220;IBERIA LAE-NUESTRA SRA. DE LORETO&#8221;<\/h3>\n<p style=\"padding-left: 30px;\">Proteyco desarrolla el <em>Convenio Urban\u00edstico de Ejecuci\u00f3n<\/em> del citado \u00e1mbito, situado en el distrito de Barajas, en Madrid.<br \/>\nEn este caso al ser IBERIA el titular \u00fanico de los terrenos privados la f\u00f3rmula acordada con el Ayuntamiento de Madrid ha sido la de tramitar un convenio que integrase las operaciones reparcelatorias.<\/p>\n<p style=\"padding-left: 30px;\">Evidentemente este convenio se ha realizado en coordinaci\u00f3n con el correspondiente proyecto de urbanizaci\u00f3n del \u00e1mbito, tambi\u00e9n desarrollado por Proteyco.<\/p>\n<p style=\"padding-left: 30px;\">El \u00e1mbito cuenta con un total de 54.600 m2 de los cuales 51.986 m2 se corresponden con la zona norte del \u00e1mbito discontinuo y 2.614 m2 se corresponden con la finca situada en la Colonia &#8220;Nuestra Se\u00f1ora de Loreto&#8221;. A continuaci\u00f3n se ilustrar\u00e1 lo m\u00e1s representativo del proceso.<\/p>\n<p>[\/vc_column_text][vc_single_image image=&#8221;2168&#8243; img_size=&#8221;full&#8221; alignment=&#8221;center&#8221; el_class=&#8221;proteyco-imgservicio&#8221;][vc_single_image image=&#8221;1321&#8243; img_size=&#8221;full&#8221; alignment=&#8221;center&#8221; el_class=&#8221;proteyco-imgservicio&#8221;][vc_single_image image=&#8221;1320&#8243; img_size=&#8221;full&#8221; alignment=&#8221;center&#8221; el_class=&#8221;proteyco-imgservicio&#8221;][vc_column_text]<\/p>\n<h3>&#8211; Proyecto de reparcelaci\u00f3n: APR 18.02\/M SUBESTACI\u00d3N DE VALLECAS<\/h3>\n<p style=\"padding-left: 30px;\">Actualmente Proteyco se encuentra inmersa en la elaboraci\u00f3n del proyecto de reparcelaci\u00f3n de este \u00e1mbito que cuenta con una superficie total de 38.402,50 m2, siendo el uso global asignado al mismo de residencial en su categor\u00eda de vivienda colectiva.<\/p>\n<p style=\"padding-left: 30px;\">Este APR 18.02\/M se localiza en el distrito de Villa de Vallecas, al lado del \u00e1mbito API 19.01 &#8220;Valdebernardo&#8221; en el que se localiza el hospital universitario <em>Infanta Leonor<\/em>.<\/p>\n<p style=\"padding-left: 30px;\">Se corresponde con uno de los ocho \u00e1mbitos en los que se localizaban una serie de subestaciones el\u00e9ctricas de intemperie en el T. M. de Madrid, todas ellas propiedad del grupo de empresas entonces denominado &#8220;Uni\u00f3n Fenosa&#8221;, y que en el a\u00f1o 2002 se pact\u00f3 un procedimiento de actuaci\u00f3n coordinado con el Ayuntamiento de Madrid y la Administraci\u00f3n regional con la finalidad de garantizar el desmontaje de las l\u00edneas a\u00e9reas de alta tensi\u00f3n y el blindaje de las subestaciones de intemperie.<\/p>\n<p>[\/vc_column_text][\/vc_column][\/vc_row][\/vc_section]<\/p>\n","protected":false},"excerpt":{"rendered":"<p>[vc_section][vc_row][vc_column][vc_column_text] PROYECTOS DE REPARCELACION [\/vc_column_text][\/vc_column][\/vc_row][vc_row][vc_column][vc_column_text]Cuando tenemos un \u00e1mbito, o zona de un municipio, que est\u00e1 previsto su desarrollo en los planes generales de ordenaci\u00f3n, la manera de articular o ejecutar dicho desarrollo es mediante los proyectos de reparcelaci\u00f3n. Objetivos De una manera sencilla el objetivo principal de una reparcelaci\u00f3n de un \u00e1mbito es el de [&hellip;]<\/p>\n","protected":false},"author":1,"featured_media":0,"parent":0,"menu_order":0,"comment_status":"closed","ping_status":"closed","template":"","meta":{"footnotes":""},"class_list":["post-2167","page","type-page","status-publish","hentry"],"yoast_head":"<!-- This site is optimized with the Yoast SEO plugin v27.3 - https:\/\/yoast.com\/product\/yoast-seo-wordpress\/ -->\n<title>Proyectos de Reparcelaci\u00f3n - Proteyco<\/title>\n<meta name=\"robots\" content=\"index, follow, max-snippet:-1, max-image-preview:large, max-video-preview:-1\" \/>\n<link rel=\"canonical\" href=\"https:\/\/www.proteyco.es\/en\/proyectos-de-reparcelacion\/\" \/>\n<meta property=\"og:locale\" content=\"en_US\" \/>\n<meta property=\"og:type\" content=\"article\" \/>\n<meta property=\"og:title\" content=\"Proyectos de Reparcelaci\u00f3n - Proteyco\" \/>\n<meta property=\"og:description\" content=\"[vc_section][vc_row][vc_column][vc_column_text] PROYECTOS DE REPARCELACION [\/vc_column_text][\/vc_column][\/vc_row][vc_row][vc_column][vc_column_text]Cuando tenemos un \u00e1mbito, o zona de un municipio, que est\u00e1 previsto su desarrollo en los planes generales de ordenaci\u00f3n, la manera de articular o ejecutar dicho desarrollo es mediante los proyectos de reparcelaci\u00f3n. Objetivos De una manera sencilla el objetivo principal de una reparcelaci\u00f3n de un \u00e1mbito es el de [&hellip;]\" \/>\n<meta property=\"og:url\" content=\"https:\/\/www.proteyco.es\/en\/proyectos-de-reparcelacion\/\" \/>\n<meta property=\"og:site_name\" content=\"Proteyco\" \/>\n<meta property=\"article:modified_time\" content=\"2020-12-21T17:29:38+00:00\" \/>\n<meta name=\"twitter:card\" content=\"summary_large_image\" \/>\n<meta name=\"twitter:site\" content=\"@Proteyco\" \/>\n<meta name=\"twitter:label1\" content=\"Est. reading time\" \/>\n\t<meta name=\"twitter:data1\" content=\"8 minutes\" \/>\n<script type=\"application\/ld+json\" class=\"yoast-schema-graph\">{\"@context\":\"https:\\\/\\\/schema.org\",\"@graph\":[{\"@type\":\"WebPage\",\"@id\":\"https:\\\/\\\/www.proteyco.es\\\/en\\\/proyectos-de-reparcelacion\\\/\",\"url\":\"https:\\\/\\\/www.proteyco.es\\\/en\\\/proyectos-de-reparcelacion\\\/\",\"name\":\"Proyectos de Reparcelaci\u00f3n - Proteyco\",\"isPartOf\":{\"@id\":\"https:\\\/\\\/www.proteyco.es\\\/en\\\/#website\"},\"datePublished\":\"2018-11-06T20:14:30+00:00\",\"dateModified\":\"2020-12-21T17:29:38+00:00\",\"breadcrumb\":{\"@id\":\"https:\\\/\\\/www.proteyco.es\\\/en\\\/proyectos-de-reparcelacion\\\/#breadcrumb\"},\"inLanguage\":\"en-US\",\"potentialAction\":[{\"@type\":\"ReadAction\",\"target\":[\"https:\\\/\\\/www.proteyco.es\\\/en\\\/proyectos-de-reparcelacion\\\/\"]}]},{\"@type\":\"BreadcrumbList\",\"@id\":\"https:\\\/\\\/www.proteyco.es\\\/en\\\/proyectos-de-reparcelacion\\\/#breadcrumb\",\"itemListElement\":[{\"@type\":\"ListItem\",\"position\":1,\"name\":\"Portada\",\"item\":\"https:\\\/\\\/www.proteyco.es\\\/en\\\/\"},{\"@type\":\"ListItem\",\"position\":2,\"name\":\"Proyectos de Reparcelaci\u00f3n\"}]},{\"@type\":\"WebSite\",\"@id\":\"https:\\\/\\\/www.proteyco.es\\\/en\\\/#website\",\"url\":\"https:\\\/\\\/www.proteyco.es\\\/en\\\/\",\"name\":\"Proteyco, Ingenier\u00eda y Urbanismo\",\"description\":\"Ingenier\u00eda y Urbanismo\",\"publisher\":{\"@id\":\"https:\\\/\\\/www.proteyco.es\\\/en\\\/#organization\"},\"potentialAction\":[{\"@type\":\"SearchAction\",\"target\":{\"@type\":\"EntryPoint\",\"urlTemplate\":\"https:\\\/\\\/www.proteyco.es\\\/en\\\/?s={search_term_string}\"},\"query-input\":{\"@type\":\"PropertyValueSpecification\",\"valueRequired\":true,\"valueName\":\"search_term_string\"}}],\"inLanguage\":\"en-US\"},{\"@type\":\"Organization\",\"@id\":\"https:\\\/\\\/www.proteyco.es\\\/en\\\/#organization\",\"name\":\"Proteyco Ingenier\u00eda y Urbanismo\",\"url\":\"https:\\\/\\\/www.proteyco.es\\\/en\\\/\",\"logo\":{\"@type\":\"ImageObject\",\"inLanguage\":\"en-US\",\"@id\":\"https:\\\/\\\/www.proteyco.es\\\/en\\\/#\\\/schema\\\/logo\\\/image\\\/\",\"url\":\"https:\\\/\\\/www.proteyco.es\\\/wp-content\\\/uploads\\\/2016\\\/07\\\/Logo-proteyco.png\",\"contentUrl\":\"https:\\\/\\\/www.proteyco.es\\\/wp-content\\\/uploads\\\/2016\\\/07\\\/Logo-proteyco.png\",\"width\":142,\"height\":71,\"caption\":\"Proteyco Ingenier\u00eda y Urbanismo\"},\"image\":{\"@id\":\"https:\\\/\\\/www.proteyco.es\\\/en\\\/#\\\/schema\\\/logo\\\/image\\\/\"},\"sameAs\":[\"https:\\\/\\\/x.com\\\/Proteyco\",\"https:\\\/\\\/www.linkedin.com\\\/company\\\/proteyco-ib-rica-s.a.\",\"https:\\\/\\\/www.youtube.com\\\/channel\\\/UCz7LVFTQjK_wKB9pI1JWrQQ\"]}]}<\/script>\n<!-- \/ Yoast SEO plugin. -->","yoast_head_json":{"title":"Proyectos de Reparcelaci\u00f3n - Proteyco","robots":{"index":"index","follow":"follow","max-snippet":"max-snippet:-1","max-image-preview":"max-image-preview:large","max-video-preview":"max-video-preview:-1"},"canonical":"https:\/\/www.proteyco.es\/en\/proyectos-de-reparcelacion\/","og_locale":"en_US","og_type":"article","og_title":"Proyectos de Reparcelaci\u00f3n - Proteyco","og_description":"[vc_section][vc_row][vc_column][vc_column_text] PROYECTOS DE REPARCELACION [\/vc_column_text][\/vc_column][\/vc_row][vc_row][vc_column][vc_column_text]Cuando tenemos un \u00e1mbito, o zona de un municipio, que est\u00e1 previsto su desarrollo en los planes generales de ordenaci\u00f3n, la manera de articular o ejecutar dicho desarrollo es mediante los proyectos de reparcelaci\u00f3n. Objetivos De una manera sencilla el objetivo principal de una reparcelaci\u00f3n de un \u00e1mbito es el de [&hellip;]","og_url":"https:\/\/www.proteyco.es\/en\/proyectos-de-reparcelacion\/","og_site_name":"Proteyco","article_modified_time":"2020-12-21T17:29:38+00:00","twitter_card":"summary_large_image","twitter_site":"@Proteyco","twitter_misc":{"Est. reading time":"8 minutes"},"schema":{"@context":"https:\/\/schema.org","@graph":[{"@type":"WebPage","@id":"https:\/\/www.proteyco.es\/en\/proyectos-de-reparcelacion\/","url":"https:\/\/www.proteyco.es\/en\/proyectos-de-reparcelacion\/","name":"Proyectos de Reparcelaci\u00f3n - Proteyco","isPartOf":{"@id":"https:\/\/www.proteyco.es\/en\/#website"},"datePublished":"2018-11-06T20:14:30+00:00","dateModified":"2020-12-21T17:29:38+00:00","breadcrumb":{"@id":"https:\/\/www.proteyco.es\/en\/proyectos-de-reparcelacion\/#breadcrumb"},"inLanguage":"en-US","potentialAction":[{"@type":"ReadAction","target":["https:\/\/www.proteyco.es\/en\/proyectos-de-reparcelacion\/"]}]},{"@type":"BreadcrumbList","@id":"https:\/\/www.proteyco.es\/en\/proyectos-de-reparcelacion\/#breadcrumb","itemListElement":[{"@type":"ListItem","position":1,"name":"Portada","item":"https:\/\/www.proteyco.es\/en\/"},{"@type":"ListItem","position":2,"name":"Proyectos de Reparcelaci\u00f3n"}]},{"@type":"WebSite","@id":"https:\/\/www.proteyco.es\/en\/#website","url":"https:\/\/www.proteyco.es\/en\/","name":"Proteyco, Ingenier\u00eda y Urbanismo","description":"Ingenier\u00eda y Urbanismo","publisher":{"@id":"https:\/\/www.proteyco.es\/en\/#organization"},"potentialAction":[{"@type":"SearchAction","target":{"@type":"EntryPoint","urlTemplate":"https:\/\/www.proteyco.es\/en\/?s={search_term_string}"},"query-input":{"@type":"PropertyValueSpecification","valueRequired":true,"valueName":"search_term_string"}}],"inLanguage":"en-US"},{"@type":"Organization","@id":"https:\/\/www.proteyco.es\/en\/#organization","name":"Proteyco Ingenier\u00eda y Urbanismo","url":"https:\/\/www.proteyco.es\/en\/","logo":{"@type":"ImageObject","inLanguage":"en-US","@id":"https:\/\/www.proteyco.es\/en\/#\/schema\/logo\/image\/","url":"https:\/\/www.proteyco.es\/wp-content\/uploads\/2016\/07\/Logo-proteyco.png","contentUrl":"https:\/\/www.proteyco.es\/wp-content\/uploads\/2016\/07\/Logo-proteyco.png","width":142,"height":71,"caption":"Proteyco Ingenier\u00eda y Urbanismo"},"image":{"@id":"https:\/\/www.proteyco.es\/en\/#\/schema\/logo\/image\/"},"sameAs":["https:\/\/x.com\/Proteyco","https:\/\/www.linkedin.com\/company\/proteyco-ib-rica-s.a.","https:\/\/www.youtube.com\/channel\/UCz7LVFTQjK_wKB9pI1JWrQQ"]}]}},"_links":{"self":[{"href":"https:\/\/www.proteyco.es\/en\/wp-json\/wp\/v2\/pages\/2167","targetHints":{"allow":["GET"]}}],"collection":[{"href":"https:\/\/www.proteyco.es\/en\/wp-json\/wp\/v2\/pages"}],"about":[{"href":"https:\/\/www.proteyco.es\/en\/wp-json\/wp\/v2\/types\/page"}],"author":[{"embeddable":true,"href":"https:\/\/www.proteyco.es\/en\/wp-json\/wp\/v2\/users\/1"}],"replies":[{"embeddable":true,"href":"https:\/\/www.proteyco.es\/en\/wp-json\/wp\/v2\/comments?post=2167"}],"version-history":[{"count":1,"href":"https:\/\/www.proteyco.es\/en\/wp-json\/wp\/v2\/pages\/2167\/revisions"}],"predecessor-version":[{"id":2177,"href":"https:\/\/www.proteyco.es\/en\/wp-json\/wp\/v2\/pages\/2167\/revisions\/2177"}],"wp:attachment":[{"href":"https:\/\/www.proteyco.es\/en\/wp-json\/wp\/v2\/media?parent=2167"}],"curies":[{"name":"wp","href":"https:\/\/api.w.org\/{rel}","templated":true}]}}