{"id":2165,"date":"2018-11-06T22:38:59","date_gmt":"2018-11-06T20:38:59","guid":{"rendered":"https:\/\/www.proteyco.es\/proyectos-de-urbanizacion\/"},"modified":"2020-12-21T19:29:38","modified_gmt":"2020-12-21T17:29:38","slug":"proyectos-de-urbanizacion","status":"publish","type":"page","link":"https:\/\/www.proteyco.es\/en\/proyectos-de-urbanizacion\/","title":{"rendered":"Proyectos de Urbanizaci\u00f3n"},"content":{"rendered":"<p>[vc_section][vc_row][vc_column][vc_column_text]<\/p>\n<h1 class=\"text-center\">PROYECTOS DE URBANIZACI\u00d3N<\/h1>\n<div class=\"titleline-center\"><\/div>\n<p>[\/vc_column_text][\/vc_column][\/vc_row][vc_row][vc_column][vc_column_text]Los <strong>proyectos de urbanizaci\u00f3n<\/strong> son proyectos de ejecuci\u00f3n de obras, con un claro objetivo que es el de llevar a la realidad lo establecido en los distintos instrumentos de planeamiento en lo que a la urbanizaci\u00f3n de un \u00e1mbito se refiere.<\/p>\n<p>Por tanto, toman como base y desarrollan lo establecido en los distintos planes de reforma interior (PERI), planes parciales, estudios de detalle y seg\u00fan el caso los propios planes generales.[\/vc_column_text][\/vc_column][\/vc_row][\/vc_section][vc_section][vc_row][vc_column][vc_column_text]<\/p>\n<h2>Estructura del proyecto de urbanizaci\u00f3n<\/h2>\n<p>Se caracterizan, a mi modo de ver, por ser unos proyectos que requieren numerosas conformidades t\u00e9cnicas, tanto por el lado municipal como por las distintas compa\u00f1\u00edas de servicios b\u00e1sicos. Es por ello, que en general y para una urbanizaci\u00f3n tipo, el documento t\u00e9cnico se estructura en diversos proyectos espec\u00edficos, de tal manera que cada uno de ellos se pueda tratar de manera independiente aun formando parte integrante de un proyecto global.<\/p>\n<h3>La estructura b\u00e1sica del proyecto de urbanizaci\u00f3n (casos de iniciativa privada)<\/h3>\n<ul>\n<li>Proyecto Espec\u00edfico N\u00ba 1: Memoria Resumen<\/li>\n<li>Proyecto Espec\u00edfico N\u00ba 2: Explanaci\u00f3n, Pavimentaci\u00f3n y Se\u00f1alizaci\u00f3n<\/li>\n<li>Proyecto Espec\u00edfico N\u00ba 3: Red de Abastecimiento<\/li>\n<li>Proyecto Espec\u00edfico N\u00ba 4: Red de Alcantarillado<\/li>\n<li>Proyecto Espec\u00edfico N\u00ba 5: Distribuci\u00f3n de Energ\u00eda El\u00e9ctrica<\/li>\n<li>Proyecto Espec\u00edfico N\u00ba 6: Alumbrado P\u00fablico<\/li>\n<li>Proyecto Espec\u00edfico N\u00ba 7: Infraestructura Com\u00fan de Telecomunicaciones<\/li>\n<li>Proyecto Espec\u00edfico N\u00ba 8: Red de Gas<\/li>\n<li>Proyecto Espec\u00edfico N\u00ba 9: Parques y Jardines<\/li>\n<li>Proyecto Espec\u00edfico N\u00ba 10: Estudio de Seguridad y Salud.<\/li>\n<\/ul>\n<p>Esta estructura general, que se adaptar\u00e1 seg\u00fan los casos, se complementa con los distintos estudios complementarios que se incorporan en los distintos proyectos espec\u00edficos, entre ellos, el estudio geot\u00e9cnico del terreno, estudio topogr\u00e1fico, estudio de caracterizaci\u00f3n de suelos, estudio fitosanitario, estudio de soleamiento, estudio de permeabilidad del terreno, estudio de gesti\u00f3n de residuos, estudio de arrastre y sedimentaci\u00f3n, etc.<\/p>\n<p>Si el \u00e1mbito a desarrollar fuese complejo, los proyectos espec\u00edficos se complementar\u00e1n convenientemente a dicha circunstancia, por ejemplo con proyectos espec\u00edficos de conexiones exteriores, estructuras, etc. y consecuentemente tendr\u00e1n que tramitarse tambien conformidades de otros organismos como Carreteras, Confederaci\u00f3n Hidrogr\u00e1fica, ADIF, etc[\/vc_column_text][\/vc_column][\/vc_row][vc_row][vc_column][vc_column_text]<\/p>\n<h2>Tramitaci\u00f3n de un proyecto de urbanizaci\u00f3n<\/h2>\n<p>Como todo lo concerniente al urbanismo los tiempos de tramitaci\u00f3n es un aspecto muy importante y que siempre preocupa a los promotores por su incidencia econ\u00f3mica en las distintas operaciones inmobiliarias.<\/p>\n<p>Como norma general, cada proyecto espec\u00edfico relacionado en el punto anterior, es gestionado y aprobado t\u00e9cnicamente por un departamento y\/o compa\u00f1\u00eda de servicios diferente, teniendo que estar todos ellos perfectamente coordinados y con los criterios de dise\u00f1o consensuados.<\/p>\n<p>Es por tanto una labor importante del proyectista la de conseguir esos puntos de encuentro entre los t\u00e9cnicos municipales y las compa\u00f1\u00edas que en ocasiones bloquean las tramitaciones con el consiguiente perjuicio para todos los intervinientes.<\/p>\n<p>Un orden de magnitud en cuanto a tiempo de tramitaci\u00f3n puede ser entre 6 y 12 meses. Hay que tener en cuenta que una vez obtenida la conformidad t\u00e9cnica municipal y de las distintas compa\u00f1\u00edas, estos proyectos deben aprobarse inicialmente en junta de gobierno, someterse a un periodo de informaci\u00f3n p\u00fablica de un mes, publicarse en el BOCAM y peri\u00f3dico de gran difusi\u00f3n, y aprobarse definitivamente en junta de gobierno.[\/vc_column_text][\/vc_column][\/vc_row][vc_row][vc_column][vc_column_text]<\/p>\n<h2>Proyectos de Urbanizaci\u00f3n desarrollados en Proteyco<\/h2>\n<p>En Proteyco estamos especializados en la gesti\u00f3n y tramitaci\u00f3n de proyectos de urbanizaci\u00f3n, contamos con una amplia experiencia y en especial en el municipio de Madrid.<\/p>\n<h3 style=\"padding-left: 30px;\">PROYECTO DE URBANIZACI\u00d3N DE LA CIUDAD DEPORTIVA DEL REAL MADRID<\/h3>\n<p style=\"padding-left: 30px;\">La urbanizaci\u00f3n de la \u201cFase 1A\u201d de la Ciudad Deportiva del Real Madrid es una de las obras de urbanizaci\u00f3n m\u00e1s emblem\u00e1ticas realizadas por Proteyco. M\u00e1s all\u00e1 de la representatividad que supone trabajar para el Real Madrid, C.F. supuso un gran reto t\u00e9cnico y humano dado las circunstancias que exist\u00edan en aquel momento en el \u00e1mbito de Parque de Valdebebas.<\/p>\n<p style=\"padding-left: 30px;\">En el a\u00f1o 2003, la urbanizaci\u00f3n de Parque de Valdebebas, donde se inscribe la parcela del Real Madrid, no estaba urbanizada lo que supuso que la soluci\u00f3n t\u00e9cnica de algunos servicios b\u00e1sicos como el saneamiento y el agua para riego, entre otros, se resolvieran mediante soluciones no habituales en suelo urbano.<\/p>\n<p style=\"padding-left: 30px;\">Tras una ejecuci\u00f3n de obra intensa la inauguraci\u00f3n de la Ciudad Deportiva fue posible en el a\u00f1o 2005.<\/p>\n<p style=\"padding-left: 30px;\">En esta Fase IA que supone alrededor del 20% de la parcela que el Real Madrid, C.F. se desarrollaron principalmente las obras de los campos de futbol y las edificaciones del primer equipo y categor\u00edas inferiores.<\/p>\n<p style=\"padding-left: 30px;\">Algunos datos de inter\u00e9s realizados en estas obras fueron:<\/p>\n<div style=\"padding-left: 30px;\">\n<ul>\n<li>Movimiento de tierras de 900.000 m<sup>3<\/sup><\/li>\n<li>Galer\u00eda de Servicios de casi 1 km que iba desde el Edificio de Instalaciones, donde se centraliz\u00f3 toda la producci\u00f3n, hasta los distintos edificios y campos de futbol.<\/li>\n<li>Se colocaron 53.000 m de tuber\u00eda y m\u00e1s de 225.000 m de cable.<\/li>\n<li>La superficie ocupada fue de 222.000 m<sup>2<\/sup>, siendo 120.000 m<sup>2<\/sup> de superficie deportiva, 25.000 m<sup>2<\/sup> de edificaci\u00f3n y el resto dedicado a accesos, distribuci\u00f3n y grader\u00edos.<\/li>\n<\/ul>\n<\/div>\n<p style=\"padding-left: 30px;\">En actuaciones posteriores se han ido complementando, modificando y adaptando las distintas instalaciones e infraestructuras seg\u00fan las necesidades del Club.<\/p>\n<p style=\"padding-left: 30px;\">Entre ellas destacar la infraestructura de <strong>agua regenerada<\/strong> para riego de campos y zonas verdes, que supuso la creaci\u00f3n de un dep\u00f3sito de acumulaci\u00f3n de 2.800 m<sup>3<\/sup>, una estaci\u00f3n de control y canalizaci\u00f3n de casi 1 km de recorrido.<\/p>\n<p>[\/vc_column_text][vc_single_image image=&#8221;2166&#8243; img_size=&#8221;full&#8221; alignment=&#8221;center&#8221; el_class=&#8221;proteyco-imgservicio&#8221;][vc_single_image image=&#8221;1327&#8243; img_size=&#8221;full&#8221; alignment=&#8221;center&#8221; el_class=&#8221;proteyco-imgservicio&#8221;][\/vc_column][\/vc_row][vc_row][vc_column][vc_column_text]<\/p>\n<h3>PROYECTO DE URBANIZACI\u00d3N PARA LA MEJORA DEL ENTORNO URBANO DEL ESTADIO SANTIAGO BERNABEU<\/h3>\n<p>Proteyco ha participado como <strong>asesor t\u00e9cnico especialista<\/strong> del Real Madrid, C.F. en la elaboraci\u00f3n y tramitaci\u00f3n del proyecto de urbanizaci\u00f3n para la mejora del entorno del Estadio Santiago Bernabeu elaborado por <em>Porras-Guadiana Arquitectos (PGA)<\/em>.<\/p>\n<p>Se han realizado tareas de asesoramiento t\u00e9cnico al equipo redactor y seguimiento durante la tramitaci\u00f3n municipal, as\u00ed como la resoluci\u00f3n directa de algunas de las afecciones a las infraestructuras e instalaciones dependientes de compa\u00f1\u00edas de servicios.<\/p>\n<h3>PROYECTO DE URBANIZACI\u00d3N DEL APR 02.06 MENDEZ ALVARO NORTE I<\/h3>\n<p>Proteyco elabor\u00f3 el proyecto de urbanizaci\u00f3n del \u00e1mbito APR 02.06 M\u00e9ndez \u00c1lvaro Norte I, que fue aprobado definitivamente por el Ayuntamiento de Madrid en enero de 2007 y desarrollado por la <strong>junta de compensaci\u00f3n<\/strong> del citado \u00e1mbito.<\/p>\n<p>Las distintas modificaciones que se realizaron en el <strong>plan especial de reforma interior<\/strong> (PERI) en los a\u00f1os 2011 y 2014, la pertinente aprobaci\u00f3n del <strong>proyecto de reparcelaci\u00f3n<\/strong> (2015), as\u00ed como el periodo de crisis econ\u00f3mica sufrido ha hecho que la ejecuci\u00f3n de las obras de las distintas etapas establecidas se dilatase en el tiempo de tal manera que el inicio de la primera etapa se produjo en el a\u00f1o 2008 y la finalizaci\u00f3n de la \u00faltima etapa se ha realizado en el a\u00f1o 2018.<\/p>\n<p>Algunos datos de inter\u00e9s de esta urbanizaci\u00f3n son:<\/p>\n<ul>\n<li>Superficie del \u00e1mbito: 129.694 m<sup>2<\/sup><\/li>\n<li>Suelo de uso lucrativo: 53.252 m<sup>2<\/sup><\/li>\n<li>Equipamiento Singular: 27.088 m<sup>2<\/sup><\/li>\n<li>Zona Verde P\u00fablica: 13.777 m<sup>2<\/sup><\/li>\n<li>V\u00edas P\u00fablicas: 31.399 m<sup>2<\/sup><\/li>\n<\/ul>\n<p>El presupuesto de ejecuci\u00f3n de las obras ha sido de <strong>8.276.389 \u20ac<\/strong>[\/vc_column_text][vc_single_image image=&#8221;1328&#8243; img_size=&#8221;full&#8221; alignment=&#8221;center&#8221; el_class=&#8221;proteyco-imgservicio&#8221;][vc_single_image image=&#8221;1329&#8243; img_size=&#8221;full&#8221; alignment=&#8221;center&#8221; el_class=&#8221;proteyco-imgservicio&#8221;][\/vc_column][\/vc_row][vc_row][vc_column][vc_column_text]<\/p>\n<h3>PROYECTO DE URBANIZACI\u00d3N: APE 11.08 &#8220;CASCO HIST\u00d3RICO CARABANCHEL ALTO&#8221; UD EJEC 4 &#8220;AGUACATE-DUQUESA DE TAMAMES&#8221;<\/h3>\n<p>Proteyco elabor\u00f3 el proyecto de urbanizaci\u00f3n del \u00e1mbito APE 11.08 \u201cCasco hist\u00f3rico Carabanchel alto\u201d UE 4 \u201cAguacate-Duquesa de Tamames\u201d, situado en Madrid, que fue aprobado definitivamente por el Ayuntamiento de Madrid en febrero de 2014 y desarrollado por la <strong>junta de compensaci\u00f3n<\/strong> del citado \u00e1mbito.<\/p>\n<p>Algunos datos de inter\u00e9s de esta urbanizaci\u00f3n son:<\/p>\n<ul>\n<li>Superficie del \u00e1mbito: 14.200,16 m<sup>2<\/sup><\/li>\n<li>Suelo de uso lucrativo: 3.606,66 m<sup>2<\/sup><\/li>\n<li>Equipamiento P\u00fablico: 2.807,27 m<sup>2<\/sup><\/li>\n<li>Zona Verde P\u00fablica: 4.195,32 m<sup>2<\/sup><\/li>\n<li>V\u00edas P\u00fablicas: 3.590,91 m<sup>2<\/sup><\/li>\n<\/ul>\n<p>El presupuesto de ejecuci\u00f3n de las obras es de <strong>1.714.897 \u20ac<\/strong><\/p>\n<p>Las obras se iniciaron en julio de 2017 y finalizar\u00e1n en el a\u00f1o 2019.<\/p>\n<h3>PROYECTO DE URBANIZACI\u00d3N: APE 21.07 &#8220;IBERIA LAE-NUESTRA SRA. DE LORETO&#8221;<\/h3>\n<p>Proteyco elabor\u00f3 el proyecto de urbanizaci\u00f3n del \u00e1mbito APE 21.07 &#8220;Iberia LAE-Nuestra Sra. de Loreto&#8221;, situado en el distrito de Barajas, Madrid, que fue aprobado definitivamente por el Ayuntamiento de Madrid en mayo de 2018 y promovido por Iberia L\u00edneas A\u00e9reas de Espa\u00f1a, como propietario \u00fanico del \u00e1mbito.<\/p>\n<p>Algunos datos de inter\u00e9s de esta urbanizaci\u00f3n son:<\/p>\n<ul>\n<li>Superficie del \u00e1mbito: 54.600 m<sup>2<\/sup><\/li>\n<li>Suelo de uso lucrativo: 23.507 m<sup>2<\/sup><\/li>\n<li>Equipamiento P\u00fablico: 3.000 m<sup>2<\/sup><\/li>\n<li>Zona Verde P\u00fablica: 13.482 m<sup>2<\/sup><\/li>\n<li>V\u00edas P\u00fablicas: 14.611 m<sup>2<\/sup><\/li>\n<\/ul>\n<p>El presupuesto de ejecuci\u00f3n de las obras es de <strong>5.173.108 \u20ac<\/strong>[\/vc_column_text][vc_single_image image=&#8221;1330&#8243; img_size=&#8221;full&#8221; alignment=&#8221;center&#8221; el_class=&#8221;proteyco-imgservicio&#8221;][\/vc_column][\/vc_row][\/vc_section]<\/p>\n","protected":false},"excerpt":{"rendered":"<p>[vc_section][vc_row][vc_column][vc_column_text] PROYECTOS DE URBANIZACI\u00d3N [\/vc_column_text][\/vc_column][\/vc_row][vc_row][vc_column][vc_column_text]Los proyectos de urbanizaci\u00f3n son proyectos de ejecuci\u00f3n de obras, con un claro objetivo que es el de llevar a la realidad lo establecido en los distintos instrumentos de planeamiento en lo que a la urbanizaci\u00f3n de un \u00e1mbito se refiere. Por tanto, toman como base y desarrollan lo establecido en [&hellip;]<\/p>\n","protected":false},"author":1,"featured_media":0,"parent":0,"menu_order":0,"comment_status":"closed","ping_status":"closed","template":"","meta":{"footnotes":""},"class_list":["post-2165","page","type-page","status-publish","hentry"],"yoast_head":"<!-- This site is optimized with the Yoast SEO plugin v27.6 - https:\/\/yoast.com\/product\/yoast-seo-wordpress\/ -->\n<title>Proyectos de Urbanizaci\u00f3n - Proteyco<\/title>\n<meta name=\"robots\" content=\"index, follow, max-snippet:-1, max-image-preview:large, max-video-preview:-1\" \/>\n<link rel=\"canonical\" href=\"https:\/\/www.proteyco.es\/en\/proyectos-de-urbanizacion\/\" \/>\n<meta property=\"og:locale\" content=\"en_US\" \/>\n<meta property=\"og:type\" content=\"article\" \/>\n<meta property=\"og:title\" content=\"Proyectos de Urbanizaci\u00f3n - Proteyco\" \/>\n<meta property=\"og:description\" content=\"[vc_section][vc_row][vc_column][vc_column_text] PROYECTOS DE URBANIZACI\u00d3N [\/vc_column_text][\/vc_column][\/vc_row][vc_row][vc_column][vc_column_text]Los proyectos de urbanizaci\u00f3n son proyectos de ejecuci\u00f3n de obras, con un claro objetivo que es el de llevar a la realidad lo establecido en los distintos instrumentos de planeamiento en lo que a la urbanizaci\u00f3n de un \u00e1mbito se refiere. Por tanto, toman como base y desarrollan lo establecido en [&hellip;]\" \/>\n<meta property=\"og:url\" content=\"https:\/\/www.proteyco.es\/en\/proyectos-de-urbanizacion\/\" \/>\n<meta property=\"og:site_name\" content=\"Proteyco\" \/>\n<meta property=\"article:modified_time\" content=\"2020-12-21T17:29:38+00:00\" \/>\n<meta name=\"twitter:card\" content=\"summary_large_image\" \/>\n<meta name=\"twitter:site\" content=\"@Proteyco\" \/>\n<meta name=\"twitter:label1\" content=\"Est. reading time\" \/>\n\t<meta name=\"twitter:data1\" content=\"8 minutes\" \/>\n<script type=\"application\/ld+json\" class=\"yoast-schema-graph\">{\"@context\":\"https:\\\/\\\/schema.org\",\"@graph\":[{\"@type\":\"WebPage\",\"@id\":\"https:\\\/\\\/www.proteyco.es\\\/en\\\/proyectos-de-urbanizacion\\\/\",\"url\":\"https:\\\/\\\/www.proteyco.es\\\/en\\\/proyectos-de-urbanizacion\\\/\",\"name\":\"Proyectos de Urbanizaci\u00f3n - Proteyco\",\"isPartOf\":{\"@id\":\"https:\\\/\\\/www.proteyco.es\\\/en\\\/#website\"},\"datePublished\":\"2018-11-06T20:38:59+00:00\",\"dateModified\":\"2020-12-21T17:29:38+00:00\",\"breadcrumb\":{\"@id\":\"https:\\\/\\\/www.proteyco.es\\\/en\\\/proyectos-de-urbanizacion\\\/#breadcrumb\"},\"inLanguage\":\"en-US\",\"potentialAction\":[{\"@type\":\"ReadAction\",\"target\":[\"https:\\\/\\\/www.proteyco.es\\\/en\\\/proyectos-de-urbanizacion\\\/\"]}]},{\"@type\":\"BreadcrumbList\",\"@id\":\"https:\\\/\\\/www.proteyco.es\\\/en\\\/proyectos-de-urbanizacion\\\/#breadcrumb\",\"itemListElement\":[{\"@type\":\"ListItem\",\"position\":1,\"name\":\"Portada\",\"item\":\"https:\\\/\\\/www.proteyco.es\\\/en\\\/\"},{\"@type\":\"ListItem\",\"position\":2,\"name\":\"Proyectos de Urbanizaci\u00f3n\"}]},{\"@type\":\"WebSite\",\"@id\":\"https:\\\/\\\/www.proteyco.es\\\/en\\\/#website\",\"url\":\"https:\\\/\\\/www.proteyco.es\\\/en\\\/\",\"name\":\"Proteyco, Ingenier\u00eda y Urbanismo\",\"description\":\"Ingenier\u00eda y Urbanismo\",\"publisher\":{\"@id\":\"https:\\\/\\\/www.proteyco.es\\\/en\\\/#organization\"},\"potentialAction\":[{\"@type\":\"SearchAction\",\"target\":{\"@type\":\"EntryPoint\",\"urlTemplate\":\"https:\\\/\\\/www.proteyco.es\\\/en\\\/?s={search_term_string}\"},\"query-input\":{\"@type\":\"PropertyValueSpecification\",\"valueRequired\":true,\"valueName\":\"search_term_string\"}}],\"inLanguage\":\"en-US\"},{\"@type\":\"Organization\",\"@id\":\"https:\\\/\\\/www.proteyco.es\\\/en\\\/#organization\",\"name\":\"Proteyco Ingenier\u00eda y Urbanismo\",\"url\":\"https:\\\/\\\/www.proteyco.es\\\/en\\\/\",\"logo\":{\"@type\":\"ImageObject\",\"inLanguage\":\"en-US\",\"@id\":\"https:\\\/\\\/www.proteyco.es\\\/en\\\/#\\\/schema\\\/logo\\\/image\\\/\",\"url\":\"https:\\\/\\\/www.proteyco.es\\\/wp-content\\\/uploads\\\/2016\\\/07\\\/Logo-proteyco.png\",\"contentUrl\":\"https:\\\/\\\/www.proteyco.es\\\/wp-content\\\/uploads\\\/2016\\\/07\\\/Logo-proteyco.png\",\"width\":142,\"height\":71,\"caption\":\"Proteyco Ingenier\u00eda y Urbanismo\"},\"image\":{\"@id\":\"https:\\\/\\\/www.proteyco.es\\\/en\\\/#\\\/schema\\\/logo\\\/image\\\/\"},\"sameAs\":[\"https:\\\/\\\/x.com\\\/Proteyco\",\"https:\\\/\\\/www.linkedin.com\\\/company\\\/proteyco-ib-rica-s.a.\",\"https:\\\/\\\/www.youtube.com\\\/channel\\\/UCz7LVFTQjK_wKB9pI1JWrQQ\"]}]}<\/script>\n<!-- \/ Yoast SEO plugin. -->","yoast_head_json":{"title":"Proyectos de Urbanizaci\u00f3n - Proteyco","robots":{"index":"index","follow":"follow","max-snippet":"max-snippet:-1","max-image-preview":"max-image-preview:large","max-video-preview":"max-video-preview:-1"},"canonical":"https:\/\/www.proteyco.es\/en\/proyectos-de-urbanizacion\/","og_locale":"en_US","og_type":"article","og_title":"Proyectos de Urbanizaci\u00f3n - Proteyco","og_description":"[vc_section][vc_row][vc_column][vc_column_text] PROYECTOS DE URBANIZACI\u00d3N [\/vc_column_text][\/vc_column][\/vc_row][vc_row][vc_column][vc_column_text]Los proyectos de urbanizaci\u00f3n son proyectos de ejecuci\u00f3n de obras, con un claro objetivo que es el de llevar a la realidad lo establecido en los distintos instrumentos de planeamiento en lo que a la urbanizaci\u00f3n de un \u00e1mbito se refiere. Por tanto, toman como base y desarrollan lo establecido en [&hellip;]","og_url":"https:\/\/www.proteyco.es\/en\/proyectos-de-urbanizacion\/","og_site_name":"Proteyco","article_modified_time":"2020-12-21T17:29:38+00:00","twitter_card":"summary_large_image","twitter_site":"@Proteyco","twitter_misc":{"Est. reading time":"8 minutes"},"schema":{"@context":"https:\/\/schema.org","@graph":[{"@type":"WebPage","@id":"https:\/\/www.proteyco.es\/en\/proyectos-de-urbanizacion\/","url":"https:\/\/www.proteyco.es\/en\/proyectos-de-urbanizacion\/","name":"Proyectos de Urbanizaci\u00f3n - Proteyco","isPartOf":{"@id":"https:\/\/www.proteyco.es\/en\/#website"},"datePublished":"2018-11-06T20:38:59+00:00","dateModified":"2020-12-21T17:29:38+00:00","breadcrumb":{"@id":"https:\/\/www.proteyco.es\/en\/proyectos-de-urbanizacion\/#breadcrumb"},"inLanguage":"en-US","potentialAction":[{"@type":"ReadAction","target":["https:\/\/www.proteyco.es\/en\/proyectos-de-urbanizacion\/"]}]},{"@type":"BreadcrumbList","@id":"https:\/\/www.proteyco.es\/en\/proyectos-de-urbanizacion\/#breadcrumb","itemListElement":[{"@type":"ListItem","position":1,"name":"Portada","item":"https:\/\/www.proteyco.es\/en\/"},{"@type":"ListItem","position":2,"name":"Proyectos de Urbanizaci\u00f3n"}]},{"@type":"WebSite","@id":"https:\/\/www.proteyco.es\/en\/#website","url":"https:\/\/www.proteyco.es\/en\/","name":"Proteyco, Ingenier\u00eda y Urbanismo","description":"Ingenier\u00eda y Urbanismo","publisher":{"@id":"https:\/\/www.proteyco.es\/en\/#organization"},"potentialAction":[{"@type":"SearchAction","target":{"@type":"EntryPoint","urlTemplate":"https:\/\/www.proteyco.es\/en\/?s={search_term_string}"},"query-input":{"@type":"PropertyValueSpecification","valueRequired":true,"valueName":"search_term_string"}}],"inLanguage":"en-US"},{"@type":"Organization","@id":"https:\/\/www.proteyco.es\/en\/#organization","name":"Proteyco Ingenier\u00eda y Urbanismo","url":"https:\/\/www.proteyco.es\/en\/","logo":{"@type":"ImageObject","inLanguage":"en-US","@id":"https:\/\/www.proteyco.es\/en\/#\/schema\/logo\/image\/","url":"https:\/\/www.proteyco.es\/wp-content\/uploads\/2016\/07\/Logo-proteyco.png","contentUrl":"https:\/\/www.proteyco.es\/wp-content\/uploads\/2016\/07\/Logo-proteyco.png","width":142,"height":71,"caption":"Proteyco Ingenier\u00eda y Urbanismo"},"image":{"@id":"https:\/\/www.proteyco.es\/en\/#\/schema\/logo\/image\/"},"sameAs":["https:\/\/x.com\/Proteyco","https:\/\/www.linkedin.com\/company\/proteyco-ib-rica-s.a.","https:\/\/www.youtube.com\/channel\/UCz7LVFTQjK_wKB9pI1JWrQQ"]}]}},"_links":{"self":[{"href":"https:\/\/www.proteyco.es\/en\/wp-json\/wp\/v2\/pages\/2165","targetHints":{"allow":["GET"]}}],"collection":[{"href":"https:\/\/www.proteyco.es\/en\/wp-json\/wp\/v2\/pages"}],"about":[{"href":"https:\/\/www.proteyco.es\/en\/wp-json\/wp\/v2\/types\/page"}],"author":[{"embeddable":true,"href":"https:\/\/www.proteyco.es\/en\/wp-json\/wp\/v2\/users\/1"}],"replies":[{"embeddable":true,"href":"https:\/\/www.proteyco.es\/en\/wp-json\/wp\/v2\/comments?post=2165"}],"version-history":[{"count":1,"href":"https:\/\/www.proteyco.es\/en\/wp-json\/wp\/v2\/pages\/2165\/revisions"}],"predecessor-version":[{"id":2172,"href":"https:\/\/www.proteyco.es\/en\/wp-json\/wp\/v2\/pages\/2165\/revisions\/2172"}],"wp:attachment":[{"href":"https:\/\/www.proteyco.es\/en\/wp-json\/wp\/v2\/media?parent=2165"}],"curies":[{"name":"wp","href":"https:\/\/api.w.org\/{rel}","templated":true}]}}