{"id":2156,"date":"2018-11-07T02:12:32","date_gmt":"2018-11-07T00:12:32","guid":{"rendered":"https:\/\/www.proteyco.es\/el-proyecto-de-ejecucion\/"},"modified":"2020-12-21T19:29:13","modified_gmt":"2020-12-21T17:29:13","slug":"el-proyecto-de-ejecucion","status":"publish","type":"page","link":"https:\/\/www.proteyco.es\/en\/el-proyecto-de-ejecucion\/","title":{"rendered":"El Proyecto de Ejecuci\u00f3n"},"content":{"rendered":"<p>[vc_section][vc_row][vc_column][vc_column_text]<\/p>\n<h1 class=\"text-center\">EL PROYECTO DE EJECUCI\u00d3N<\/h1>\n<div class=\"titleline-center\"><\/div>\n<p>[\/vc_column_text][\/vc_column][\/vc_row][vc_row][vc_column][vc_column_text]El <strong>Proyecto de Ejecuci\u00f3n<\/strong> es la fase del trabajo en la que se desarrolla y se define en su totalidad y en detalle el proyecto arquitect\u00f3nico, con la informaci\u00f3n suficiente para hacer viable su construcci\u00f3n, su ejecuci\u00f3n, definiendo todos los materiales, sistemas constructivos, instalaciones, equipos, etc\u2026<\/p>\n<p>Con anterioridad a esta fase de <strong>Proyecto de Ejecuci\u00f3n<\/strong>, se desarrolla la fase de Proyecto B\u00e1sico, en la cual se describen las caracter\u00edsticas principales del proyecto, sin entrar en el detalle constructivo, pero s\u00ed incluyendo todas las justificaciones normativas que lo hagan autorizable mediante Licencia Urban\u00edstica.<\/p>\n<p>La fase de Proyecto B\u00e1sico incluye la definici\u00f3n necesaria para obtener Licencia Urban\u00edstica, u otra autorizaci\u00f3n administrativa, sin definici\u00f3n constructiva.<\/p>\n<p>La fase de <strong>Proyecto de Ejecuci\u00f3n<\/strong> completa la fase anterior, e incluye la definici\u00f3n constructiva para hacer viable la construcci\u00f3n, la ejecuci\u00f3n.[\/vc_column_text][\/vc_column][\/vc_row][\/vc_section][vc_section][vc_row][vc_column][vc_column_text]<\/p>\n<h2>QU\u00c9 INCLUYE EL PROYECTO DE EJECUCI\u00d3N<\/h2>\n<p>El <strong>Proyecto de Ejecuci\u00f3n<\/strong> debe incluir la informaci\u00f3n y documentaci\u00f3n t\u00e9cnica que se enumera a continuaci\u00f3n. Dicha documentaci\u00f3n es necesaria para poder obtener el visado en colegio profesional:<\/p>\n<ul>\n<li>Memoria, descriptiva y constructiva (Arquitectura, Urbanizaci\u00f3n, Estructura e Instalaciones), incluyendo normativa de aplicaci\u00f3n vigente y su justificaci\u00f3n.<\/li>\n<li>Anexos a la Memoria\n<ul>\n<li>Anexos de c\u00e1lculos<\/li>\n<li>Manual de uso y mantenimiento<\/li>\n<li>Normas de actuaci\u00f3n en caso de emergencia<\/li>\n<li>Plan de Control de Calidad<\/li>\n<li>Estudio de Seguridad \/ Estudio B\u00e1sico de Seguridad<\/li>\n<li>Estudio de Gesti\u00f3n de Residuos<\/li>\n<li>Estudio Geot\u00e9cnico, en su caso<\/li>\n<li>Certificado de Eficiencia Energ\u00e9tica, en su caso<\/li>\n<\/ul>\n<\/li>\n<li>Planos\n<ul>\n<li>Situaci\u00f3n, Emplazamiento<\/li>\n<li>Urbanizaci\u00f3n<\/li>\n<li>Arquitectura<\/li>\n<li>Estructura<\/li>\n<li>Instalaciones<\/li>\n<li>Detalles<\/li>\n<\/ul>\n<\/li>\n<li>Pliegos de Condiciones, administrativas y t\u00e9cnicas<\/li>\n<li>Mediciones y Presupuesto<\/li>\n<\/ul>\n<p>[\/vc_column_text][\/vc_column][\/vc_row][vc_row][vc_column][vc_column_text]<\/p>\n<h2>RELACI\u00d3N PROYECTO B\u00c1SICO \u2013 PROYECTO DE EJECUCI\u00d3N<\/h2>\n<p>Cuando una construcci\u00f3n finaliza, la autoridad competente que concedi\u00f3 la licencia urban\u00edstica para su ejecuci\u00f3n, tiene la obligaci\u00f3n de comprobar que lo que en su d\u00eda aprob\u00f3 y autoriz\u00f3, es coincidente con lo realmente ejecutado.<\/p>\n<p>Pero en la mayor\u00eda de los casos, las licencias urban\u00edsticas se conceden en base a la documentaci\u00f3n del Proyecto B\u00e1sico, y las obras se ejecutan en base a la documentaci\u00f3n del <strong>Proyecto de Ejecuci\u00f3n<\/strong>. El Ayuntamiento no suele tener el <strong>Proyecto de Ejecuci\u00f3n<\/strong>, y la constructora no suele tener el Proyecto B\u00e1sico de Licencia.<\/p>\n<p>De ah\u00ed la enorme importancia de que el <strong>Proyecto de Ejecuci\u00f3n<\/strong> sea el fiel desarrollo del Proyecto B\u00e1sico de Licencia. No son pocas las ocasiones en las que es necesario tramitar una Modificaci\u00f3n de la Licencia Urban\u00edstica, o incluso rectificar obra ejecutada, porque lo autorizado no coincide con lo ejecutado. Con las repercusiones en precio y plazo que todo ello provoca.[\/vc_column_text][\/vc_column][\/vc_row][vc_row][vc_column][vc_column_text]<\/p>\n<h2>RELACI\u00d3N DE INTERVINIENTES \u2013 PROYECTO DE EJECUCI\u00d3N<\/h2>\n<p>En la mayor\u00eda de las ocasiones, en el desarrollo y definici\u00f3n del <strong>Proyecto de Ejecuci\u00f3n<\/strong> intervienen distintos profesionales.<\/p>\n<p>Arquitectos para la definici\u00f3n arquitect\u00f3nica.<\/p>\n<p>Ingenieros para la definici\u00f3n de las instalaciones.<\/p>\n<p>Ingenieros \/ Arquitectos para la definici\u00f3n estructural.<\/p>\n<p>Arquitectos T\u00e9cnicos para el desarrollo de las mediciones.<\/p>\n<p>Por esta raz\u00f3n, es fundamental la relaci\u00f3n continua entre todos ellos durante la definici\u00f3n del <strong>Proyecto de Ejecuci\u00f3n<\/strong>, para que toda la documentaci\u00f3n generada por cada uno sea totalmente coherente en conjunto.<\/p>\n<p>Se trata de elaborar un documento \u00fanico, y no de agrupar diferentes separatas de cada apartado.[\/vc_column_text][\/vc_column][\/vc_row][vc_row][vc_column][vc_column_text]<\/p>\n<h2>IMPORTANCIA DEL PROYECTO DE EJECUCI\u00d3N<\/h2>\n<p>El <strong>Proyecto de Ejecuci\u00f3n<\/strong> es el documento contractual clave entre la Propiedad del proyecto y la Constructora que resulte adjudicar\u00eda de la obra, por lo que es muy importante que est\u00e9 elaborado correctamente y de modo completo.<\/p>\n<p>En sus planos y en sus mediciones se define su ejecuci\u00f3n, y en base a estos documentos la constructora emite su oferta econ\u00f3mica.<\/p>\n<p>La falta de informaci\u00f3n o definici\u00f3n, la incoherencia entre los distintos documentos, el olvido en la medici\u00f3n de alguna partida, etc., generan reclamaciones econ\u00f3micas por parte de la constructora adjudicataria, que argumenta la necesidad de ejecutar trabajos no contemplados en el <strong>Proyecto de Ejecuci\u00f3n<\/strong> y por tanto tampoco en su oferta presupuesto.<\/p>\n<p>Resulta tambi\u00e9n muy importante que el <strong>Proyecto de Ejecuci\u00f3n<\/strong> est\u00e9 redactado con esmero pues en el proceso constructivo es muy com\u00fan que se incluyan cambios, y el <strong>Proyecto de Ejecuci\u00f3n<\/strong> debe ser el documento base para valorar los cambios de obra, tanto en precio como en plazo.<\/p>\n<p>El plazo para la elaboraci\u00f3n del <strong>Proyecto de Ejecuci\u00f3n<\/strong> ha de ser el razonable para cumplir con todos los puntos anteriormente mencionados.[\/vc_column_text][\/vc_column][\/vc_row][vc_row][vc_column][vc_column_text]<\/p>\n<h2>IMPORTANCIA DE LOS PLANOS DEL PROYECTO DE EJECUCI\u00d3N<\/h2>\n<p>Tal y como se ha mencionado en los puntos anteriores, es en sus planos donde se define gr\u00e1ficamente el alcance de la obra.<br \/>\nPor tanto, es fundamental la definici\u00f3n y la coherencia entre todos ellos para poder llevar a cabo la ejecuci\u00f3n de la obra.<\/p>\n<p>Lo que no se representa en los planos pero ha de ejecutarse en obra puede servir de argumento a la constructora para reclamar costes adicionales al no encontrarse valorado en su oferta presupuesto, al no encontrarse representado en planos.[\/vc_column_text][\/vc_column][\/vc_row][vc_row][vc_column][vc_column_text]<\/p>\n<h2>IMPORTANCIA DE LAS MEDICIONES DEL PROYECTO DE EJECUCI\u00d3N<\/h2>\n<p>De igual modo, y tal y como se ha mencionado en puntos anteriores, es en las mediciones de proyecto donde se define cualitativa y cuantitativamente el alcance de la obra.<\/p>\n<p>Por tanto, es fundamental que las mediciones sean completas sin falta alguna de partida de obra, recogiendo el alcance total del proyecto. La definici\u00f3n de las partidas y su coherencia entre ellas tambi\u00e9n resulta fundamental para definir el alcance de proyecto.<\/p>\n<p>Lo que no se mide y recoge en las mediciones de proyecto pero ha de ejecutarse en obra puede servir de argumento a la constructora para reclamar costes adicionales al no encontrarse valorado en su oferta presupuesto, por no encontrarse recogido en las mediciones.[\/vc_column_text][\/vc_column][\/vc_row][vc_row][vc_column][vc_column_text]<\/p>\n<h2>POR QU\u00c9 SE NECESITA UN PROYECTO DE EJECUCI\u00d3N<\/h2>\n<p>Los <strong>Proyectos de Ejecuci\u00f3n<\/strong> son necesarios para definir suficientemente los proyectos y obras que se pretenden ejecutar, y por supuesto para valorar y conocer el alcance econ\u00f3mico de los mismos y el plazo su plazo de ejecuci\u00f3n.<\/p>\n<h3>QUI\u00c9N REALIZA EL PROYECTO DE EJECUCI\u00d3N<\/h3>\n<p>Los <strong>Proyectos de Ejecuci\u00f3n<\/strong> deben encargarse a t\u00e9cnicos cualificados y con experiencia en este tipo de trabajos profesionales. Arquitectos y arquitectos t\u00e9cnicos que desarrollan la parte arquitect\u00f3nica, arquitectos o ingenieros que definen la estructura e ingenieros de las distintas especialidades que desarrollan la parte de las instalaciones del proyecto. La interacci\u00f3n entre todos ellos debe ser m\u00e1xima durante el periodo de elaboraci\u00f3n para conformar un documento t\u00e9cnico coherente y completo.[\/vc_column_text][\/vc_column][\/vc_row][vc_row][vc_column][vc_column_text]<\/p>\n<h2>CUANTO SE TARDA EN ELABORAR UN PROYECTO DE EJECUCI\u00d3N<\/h2>\n<p>Los <strong>Proyectos de Ejecuci\u00f3n<\/strong> cuyo alcance es muy sencillo se pueden elaboran en pocas semanas. Por ejemplo, la adecuaci\u00f3n o reforma de un peque\u00f1o comercio.<\/p>\n<p>Para los <strong>Proyectos de Ejecuci\u00f3n<\/strong> cuyo alcance es m\u00e1s relevante, el plazo de ejecuci\u00f3n se mide en meses. Por ejemplo, el proyecto para construir un edificio de viviendas.<\/p>\n<p>Plazos en m\u00e1s o menos de lo indicado anteriormente representan casos especiales.[\/vc_column_text][\/vc_column][\/vc_row][\/vc_section]<\/p>\n","protected":false},"excerpt":{"rendered":"<p>[vc_section][vc_row][vc_column][vc_column_text] EL PROYECTO DE EJECUCI\u00d3N [\/vc_column_text][\/vc_column][\/vc_row][vc_row][vc_column][vc_column_text]El Proyecto de Ejecuci\u00f3n es la fase del trabajo en la que se desarrolla y se define en su totalidad y en detalle el proyecto arquitect\u00f3nico, con la informaci\u00f3n suficiente para hacer viable su construcci\u00f3n, su ejecuci\u00f3n, definiendo todos los materiales, sistemas constructivos, instalaciones, equipos, etc\u2026 Con anterioridad a esta [&hellip;]<\/p>\n","protected":false},"author":1,"featured_media":0,"parent":0,"menu_order":0,"comment_status":"closed","ping_status":"closed","template":"","meta":{"footnotes":""},"class_list":["post-2156","page","type-page","status-publish","hentry"],"yoast_head":"<!-- This site is optimized with the Yoast SEO plugin v27.4 - https:\/\/yoast.com\/product\/yoast-seo-wordpress\/ -->\n<title>El Proyecto de Ejecuci\u00f3n - Proteyco<\/title>\n<meta name=\"robots\" content=\"index, follow, max-snippet:-1, max-image-preview:large, max-video-preview:-1\" \/>\n<link rel=\"canonical\" href=\"https:\/\/www.proteyco.es\/en\/el-proyecto-de-ejecucion\/\" \/>\n<meta property=\"og:locale\" content=\"en_US\" \/>\n<meta property=\"og:type\" content=\"article\" \/>\n<meta property=\"og:title\" content=\"El Proyecto de Ejecuci\u00f3n - Proteyco\" \/>\n<meta property=\"og:description\" content=\"[vc_section][vc_row][vc_column][vc_column_text] EL PROYECTO DE EJECUCI\u00d3N [\/vc_column_text][\/vc_column][\/vc_row][vc_row][vc_column][vc_column_text]El Proyecto de Ejecuci\u00f3n es la fase del trabajo en la que se desarrolla y se define en su totalidad y en detalle el proyecto arquitect\u00f3nico, con la informaci\u00f3n suficiente para hacer viable su construcci\u00f3n, su ejecuci\u00f3n, definiendo todos los materiales, sistemas constructivos, instalaciones, equipos, etc\u2026 Con anterioridad a esta [&hellip;]\" \/>\n<meta property=\"og:url\" content=\"https:\/\/www.proteyco.es\/en\/el-proyecto-de-ejecucion\/\" \/>\n<meta property=\"og:site_name\" content=\"Proteyco\" \/>\n<meta property=\"article:modified_time\" content=\"2020-12-21T17:29:13+00:00\" \/>\n<meta name=\"twitter:card\" content=\"summary_large_image\" \/>\n<meta name=\"twitter:site\" content=\"@Proteyco\" \/>\n<meta name=\"twitter:label1\" content=\"Est. reading time\" \/>\n\t<meta name=\"twitter:data1\" content=\"7 minutes\" \/>\n<script type=\"application\/ld+json\" class=\"yoast-schema-graph\">{\"@context\":\"https:\\\/\\\/schema.org\",\"@graph\":[{\"@type\":\"WebPage\",\"@id\":\"https:\\\/\\\/www.proteyco.es\\\/en\\\/el-proyecto-de-ejecucion\\\/\",\"url\":\"https:\\\/\\\/www.proteyco.es\\\/en\\\/el-proyecto-de-ejecucion\\\/\",\"name\":\"El Proyecto de Ejecuci\u00f3n - Proteyco\",\"isPartOf\":{\"@id\":\"https:\\\/\\\/www.proteyco.es\\\/en\\\/#website\"},\"datePublished\":\"2018-11-07T00:12:32+00:00\",\"dateModified\":\"2020-12-21T17:29:13+00:00\",\"breadcrumb\":{\"@id\":\"https:\\\/\\\/www.proteyco.es\\\/en\\\/el-proyecto-de-ejecucion\\\/#breadcrumb\"},\"inLanguage\":\"en-US\",\"potentialAction\":[{\"@type\":\"ReadAction\",\"target\":[\"https:\\\/\\\/www.proteyco.es\\\/en\\\/el-proyecto-de-ejecucion\\\/\"]}]},{\"@type\":\"BreadcrumbList\",\"@id\":\"https:\\\/\\\/www.proteyco.es\\\/en\\\/el-proyecto-de-ejecucion\\\/#breadcrumb\",\"itemListElement\":[{\"@type\":\"ListItem\",\"position\":1,\"name\":\"Portada\",\"item\":\"https:\\\/\\\/www.proteyco.es\\\/en\\\/\"},{\"@type\":\"ListItem\",\"position\":2,\"name\":\"El Proyecto de Ejecuci\u00f3n\"}]},{\"@type\":\"WebSite\",\"@id\":\"https:\\\/\\\/www.proteyco.es\\\/en\\\/#website\",\"url\":\"https:\\\/\\\/www.proteyco.es\\\/en\\\/\",\"name\":\"Proteyco, Ingenier\u00eda y Urbanismo\",\"description\":\"Ingenier\u00eda y Urbanismo\",\"publisher\":{\"@id\":\"https:\\\/\\\/www.proteyco.es\\\/en\\\/#organization\"},\"potentialAction\":[{\"@type\":\"SearchAction\",\"target\":{\"@type\":\"EntryPoint\",\"urlTemplate\":\"https:\\\/\\\/www.proteyco.es\\\/en\\\/?s={search_term_string}\"},\"query-input\":{\"@type\":\"PropertyValueSpecification\",\"valueRequired\":true,\"valueName\":\"search_term_string\"}}],\"inLanguage\":\"en-US\"},{\"@type\":\"Organization\",\"@id\":\"https:\\\/\\\/www.proteyco.es\\\/en\\\/#organization\",\"name\":\"Proteyco Ingenier\u00eda y Urbanismo\",\"url\":\"https:\\\/\\\/www.proteyco.es\\\/en\\\/\",\"logo\":{\"@type\":\"ImageObject\",\"inLanguage\":\"en-US\",\"@id\":\"https:\\\/\\\/www.proteyco.es\\\/en\\\/#\\\/schema\\\/logo\\\/image\\\/\",\"url\":\"https:\\\/\\\/www.proteyco.es\\\/wp-content\\\/uploads\\\/2016\\\/07\\\/Logo-proteyco.png\",\"contentUrl\":\"https:\\\/\\\/www.proteyco.es\\\/wp-content\\\/uploads\\\/2016\\\/07\\\/Logo-proteyco.png\",\"width\":142,\"height\":71,\"caption\":\"Proteyco Ingenier\u00eda y Urbanismo\"},\"image\":{\"@id\":\"https:\\\/\\\/www.proteyco.es\\\/en\\\/#\\\/schema\\\/logo\\\/image\\\/\"},\"sameAs\":[\"https:\\\/\\\/x.com\\\/Proteyco\",\"https:\\\/\\\/www.linkedin.com\\\/company\\\/proteyco-ib-rica-s.a.\",\"https:\\\/\\\/www.youtube.com\\\/channel\\\/UCz7LVFTQjK_wKB9pI1JWrQQ\"]}]}<\/script>\n<!-- \/ Yoast SEO plugin. -->","yoast_head_json":{"title":"El Proyecto de Ejecuci\u00f3n - Proteyco","robots":{"index":"index","follow":"follow","max-snippet":"max-snippet:-1","max-image-preview":"max-image-preview:large","max-video-preview":"max-video-preview:-1"},"canonical":"https:\/\/www.proteyco.es\/en\/el-proyecto-de-ejecucion\/","og_locale":"en_US","og_type":"article","og_title":"El Proyecto de Ejecuci\u00f3n - Proteyco","og_description":"[vc_section][vc_row][vc_column][vc_column_text] EL PROYECTO DE EJECUCI\u00d3N [\/vc_column_text][\/vc_column][\/vc_row][vc_row][vc_column][vc_column_text]El Proyecto de Ejecuci\u00f3n es la fase del trabajo en la que se desarrolla y se define en su totalidad y en detalle el proyecto arquitect\u00f3nico, con la informaci\u00f3n suficiente para hacer viable su construcci\u00f3n, su ejecuci\u00f3n, definiendo todos los materiales, sistemas constructivos, instalaciones, equipos, etc\u2026 Con anterioridad a esta [&hellip;]","og_url":"https:\/\/www.proteyco.es\/en\/el-proyecto-de-ejecucion\/","og_site_name":"Proteyco","article_modified_time":"2020-12-21T17:29:13+00:00","twitter_card":"summary_large_image","twitter_site":"@Proteyco","twitter_misc":{"Est. reading time":"7 minutes"},"schema":{"@context":"https:\/\/schema.org","@graph":[{"@type":"WebPage","@id":"https:\/\/www.proteyco.es\/en\/el-proyecto-de-ejecucion\/","url":"https:\/\/www.proteyco.es\/en\/el-proyecto-de-ejecucion\/","name":"El Proyecto de Ejecuci\u00f3n - Proteyco","isPartOf":{"@id":"https:\/\/www.proteyco.es\/en\/#website"},"datePublished":"2018-11-07T00:12:32+00:00","dateModified":"2020-12-21T17:29:13+00:00","breadcrumb":{"@id":"https:\/\/www.proteyco.es\/en\/el-proyecto-de-ejecucion\/#breadcrumb"},"inLanguage":"en-US","potentialAction":[{"@type":"ReadAction","target":["https:\/\/www.proteyco.es\/en\/el-proyecto-de-ejecucion\/"]}]},{"@type":"BreadcrumbList","@id":"https:\/\/www.proteyco.es\/en\/el-proyecto-de-ejecucion\/#breadcrumb","itemListElement":[{"@type":"ListItem","position":1,"name":"Portada","item":"https:\/\/www.proteyco.es\/en\/"},{"@type":"ListItem","position":2,"name":"El Proyecto de Ejecuci\u00f3n"}]},{"@type":"WebSite","@id":"https:\/\/www.proteyco.es\/en\/#website","url":"https:\/\/www.proteyco.es\/en\/","name":"Proteyco, Ingenier\u00eda y Urbanismo","description":"Ingenier\u00eda y Urbanismo","publisher":{"@id":"https:\/\/www.proteyco.es\/en\/#organization"},"potentialAction":[{"@type":"SearchAction","target":{"@type":"EntryPoint","urlTemplate":"https:\/\/www.proteyco.es\/en\/?s={search_term_string}"},"query-input":{"@type":"PropertyValueSpecification","valueRequired":true,"valueName":"search_term_string"}}],"inLanguage":"en-US"},{"@type":"Organization","@id":"https:\/\/www.proteyco.es\/en\/#organization","name":"Proteyco Ingenier\u00eda y Urbanismo","url":"https:\/\/www.proteyco.es\/en\/","logo":{"@type":"ImageObject","inLanguage":"en-US","@id":"https:\/\/www.proteyco.es\/en\/#\/schema\/logo\/image\/","url":"https:\/\/www.proteyco.es\/wp-content\/uploads\/2016\/07\/Logo-proteyco.png","contentUrl":"https:\/\/www.proteyco.es\/wp-content\/uploads\/2016\/07\/Logo-proteyco.png","width":142,"height":71,"caption":"Proteyco Ingenier\u00eda y Urbanismo"},"image":{"@id":"https:\/\/www.proteyco.es\/en\/#\/schema\/logo\/image\/"},"sameAs":["https:\/\/x.com\/Proteyco","https:\/\/www.linkedin.com\/company\/proteyco-ib-rica-s.a.","https:\/\/www.youtube.com\/channel\/UCz7LVFTQjK_wKB9pI1JWrQQ"]}]}},"_links":{"self":[{"href":"https:\/\/www.proteyco.es\/en\/wp-json\/wp\/v2\/pages\/2156","targetHints":{"allow":["GET"]}}],"collection":[{"href":"https:\/\/www.proteyco.es\/en\/wp-json\/wp\/v2\/pages"}],"about":[{"href":"https:\/\/www.proteyco.es\/en\/wp-json\/wp\/v2\/types\/page"}],"author":[{"embeddable":true,"href":"https:\/\/www.proteyco.es\/en\/wp-json\/wp\/v2\/users\/1"}],"replies":[{"embeddable":true,"href":"https:\/\/www.proteyco.es\/en\/wp-json\/wp\/v2\/comments?post=2156"}],"version-history":[{"count":1,"href":"https:\/\/www.proteyco.es\/en\/wp-json\/wp\/v2\/pages\/2156\/revisions"}],"predecessor-version":[{"id":2160,"href":"https:\/\/www.proteyco.es\/en\/wp-json\/wp\/v2\/pages\/2156\/revisions\/2160"}],"wp:attachment":[{"href":"https:\/\/www.proteyco.es\/en\/wp-json\/wp\/v2\/media?parent=2156"}],"curies":[{"name":"wp","href":"https:\/\/api.w.org\/{rel}","templated":true}]}}