{"id":2116,"date":"2019-03-25T13:18:37","date_gmt":"2019-03-25T11:18:37","guid":{"rendered":"https:\/\/www.proteyco.es\/certificacion-energetica\/"},"modified":"2022-09-20T09:30:23","modified_gmt":"2022-09-20T07:30:23","slug":"certificacion-energetica","status":"publish","type":"page","link":"https:\/\/www.proteyco.es\/en\/certificacion-energetica\/","title":{"rendered":"Certificaci\u00f3n Energ\u00e9tica"},"content":{"rendered":"<p>[vc_section][vc_row][vc_column][vc_column_text]<\/p>\n<h1 class=\"text-center\">Certificado de eficiencia energ\u00e9tica<\/h1>\n<div class=\"titleline-center\"><\/div>\n<p>[\/vc_column_text][\/vc_column][\/vc_row][vc_row][vc_column][vc_column_text]En Proteyco venimos desarrollando y trabajando bastantes a\u00f1os en mejorar la certificaci\u00f3n energ\u00e9tica de grandes y representativos edificios en Madrid, en base a un estudio minucioso del edificio y de las instalaciones que lo componen.<\/p>\n<p>Dentro de este art\u00edculo queremos reflejar la situaci\u00f3n actual y hacia donde vamos con los nuevos edificios en el \u00e1mbito de la eficiencia y la certificaci\u00f3n energ\u00e9tica.<\/p>\n<p>Desde el a\u00f1o 2007 todos los edificios que se construyen deb\u00edan disponer su\u00a0<a href=\"https:\/\/www.certicalia.com\/que-es-un-certificado-energetico\"><strong>certificado de eficiencia energ\u00e9tica<\/strong><\/a>, para posteriormente y a partir de 2013 se incorpor\u00f3 la obligaci\u00f3n a edificios existentes.<\/p>\n<p>Este certificado se ejecuta en 2 fases, primero se realiza el certificado energ\u00e9tico en fase de proyecto y al final de obra se revisa y actualiza la calificaci\u00f3n energ\u00e9tica mediante un nuevo certificado energ\u00e9tico correspondiente a edificio terminado.<\/p>\n<p>Con la incorporaci\u00f3n del Procedimiento b\u00e1sico para la certificaci\u00f3n de eficiencia energ\u00e9tica de <strong>edificios existentes,<\/strong> surge el\u00a0<a href=\"http:\/\/www.boe.es\/buscar\/act.php?id=BOE-A-2013-3904\">Real Decreto 235\/2013<\/a> (sustituyendo al \u00a0Real Decreto 47\/2007 que s\u00f3lo contemplaba edificios de nueva construcci\u00f3n), por el que se aprueba el procedimiento b\u00e1sico para la certificaci\u00f3n de la eficiencia energ\u00e9tica <strong>de los edificios nuevos y existentes<\/strong>, siendo exigida desde entonces la presentaci\u00f3n o puesta a disposici\u00f3n de los compradores o arrendatarios del certificado de eficiencia energ\u00e9tica de la totalidad o parte de un edificio, seg\u00fan corresponda, es exigida para los contratos de compraventa o arrendamiento.[\/vc_column_text][\/vc_column][\/vc_row][\/vc_section][vc_section][vc_row][vc_column][vc_column_text]<\/p>\n<h2><strong>\u00bfQu\u00e9 tipo de edi\ufb01cios tienen la obligaci\u00f3n de tener el \u00a0Certi\ufb01cado Energ\u00e9tico?<\/strong><\/h2>\n<p>&#8211;\u00a0 Edi\ufb01cios en venta o alquiler.<\/p>\n<p>&#8211; Edi\ufb01cios que albergan instituciones pertenecientes a las Administraciones p\u00fablicas, y\u00a0 que tengan una super\ufb01cie \u00fatil total superior a 250 metros cuadrados.<\/p>\n<p>&#8211; Edi\ufb01cios en los que se lleven a cabo obras de reforma que contemplen las siguientes situaciones:<\/p>\n<p>&#8211; Sustituci\u00f3n, instalaci\u00f3n o renovaci\u00f3n de las instalaciones t\u00e9rmicas o modi\ufb01caci\u00f3n de un proyecto de instalaciones t\u00e9rmicas.<\/p>\n<p>&#8211; Actuaci\u00f3n en el 25% de la superficie total de la envolvente t\u00e9rmica de un edificio.<\/p>\n<p>&#8211; Trabajo de ampliaci\u00f3n en un edificio en el que se incremente la super\ufb01cie o el volumen construido.<\/p>\n<p>Edi\ufb01cios o partes de edi\ufb01cios con una super\ufb01cie \u00fatil superior a 500 m2 que acojan los siguientes usos:<\/p>\n<p>* Administrativo.<\/p>\n<p>* Sanitario.<\/p>\n<p>* Comercial (tiendas, supermercados, grandes almacenes, centros comerciales,\u00a0 entre otros).<\/p>\n<p>* Residencial P\u00fablico (hoteles, hostales, residencias universitarias, apartamentos tur\u00edsticos, centros de la tercera edad \u2026).<\/p>\n<p>* Docente (colegios, universidades, institutos,\u2026.)<\/p>\n<p>* Cultural (cines, museos, centros de congresos, salas de exposiciones,\u00a0\u00a0\u00a0 bibliotecas, teatros \u2026).<\/p>\n<p>* Actividades recreativas (Discotecas, Salas de fiesta, Casinos, \u2026)<\/p>\n<p>* Restauraci\u00f3n (Restaurantes, bares, restaurantes, cafeter\u00edas, \u2026).<\/p>\n<p>* Transporte de personas (estaciones de tren, de autob\u00fas,aeropuertos,\u2026).<\/p>\n<p>* Deportivos (polideportivos. Gimnasios, pistas de p\u00e1del,\u2026).<\/p>\n<p>* Iglesias y otros lugares de culto.<\/p>\n<p>Edi\ufb01cios que est\u00e9n obligados a realizar la ITE (Inspecci\u00f3n T\u00e9cnica del Edi\ufb01cio) o revisi\u00f3n equivalente.[\/vc_column_text][\/vc_column][\/vc_row][vc_row][vc_column][vc_column_text]<\/p>\n<h2><strong>\u00bfCu\u00e1l es el plazo legal para la obtenci\u00f3n del Certi\ufb01cado Energ\u00e9tico?<\/strong><\/h2>\n<p>Los edi\ufb01cios obligados a realizar el Certi\ufb01cado Energ\u00e9tico tienen que tener la gesti\u00f3n realizada antes del 1 de junio de 2022.<\/p>\n<h2><strong>\u00bfHay alg\u00fan tipo de inspecci\u00f3n y r\u00e9gimen sancionador?<\/strong><\/h2>\n<p>S\u00ed. Los art\u00edculos 80 y 82 de la Ley 18\/2014 contemplan las sanciones en caso de incumplimiento de los preceptos recogidos en el decreto. Las sanciones pueden llegar a alcanzar los 60.000\u20ac, en funci\u00f3n de la gravedad de las mismas.<\/p>\n<p>El \u00f3rgano competente realizar\u00e1 las inspecciones y visitas que considere oportunas, para vigilar el cumplimiento de la realizaci\u00f3n de las auditorias energ\u00e9ticas en los inmuebles que sean de aplicaci\u00f3n de este real decreto.<\/p>\n<h2><strong>\u00bfQu\u00e9 validez tiene \u00a0el Certi\ufb01cado Energ\u00e9tico?<\/strong><\/h2>\n<p>La validez del Certi\ufb01cado Energ\u00e9tico es de 10 a\u00f1os, salvo en el caso de edi\ufb01cios cuya cali\ufb01caci\u00f3n energ\u00e9tica sea G, y en ese caso el plazo es de 5 a\u00f1os.<\/p>\n<h2><strong>\u00bfQu\u00e9 sucede si el edificio ya tiene un Certi\ufb01cado Energ\u00e9tico vigente?<\/strong><\/h2>\n<p>Si el certificado ha sido realizado seg\u00fan el RD 235\/2013, continuar\u00e1 siendo v\u00e1lido hasta cumplirse los 10 a\u00f1os de su emisi\u00f3n.<\/p>\n<h2><strong>\u00bfQu\u00e9 edi\ufb01cios tienen la obligaci\u00f3n de tener al d\u00eda el Certificado Energ\u00e9tico?<\/strong><\/h2>\n<p>Los edificios, cuyos usos se listan a continuaci\u00f3n, tienen la obligatoriedad de mostrar el Certificado Energ\u00e9tico en un espacio destacado\u00a0 y bien visible por el p\u00fablico:<\/p>\n<p>Edi\ufb01cios ocupados por una Administraci\u00f3n P\u00fablica<\/p>\n<p>Cultural<\/p>\n<p>Administrativo<\/p>\n<p>Actividades recreativas<\/p>\n<p>Deportivos<\/p>\n<p>Docente<\/p>\n<p>Lugares de culto<\/p>\n<h2><strong>Resumen de servicios relacionados que ofrece Proteyco:<\/strong><\/h2>\n<ul>\n<li>Certi\ufb01caci\u00f3n de E\ufb01ciencia Energ\u00e9tica de Edi\ufb01cios seg\u00fan RD 390\/2021, de 1 de junio.<\/li>\n<li>Auditor\u00edas energ\u00e9ticas en cumplimiento del RD 56\/2016.<\/li>\n<li>Implantaci\u00f3n de Sistemas de Gesti\u00f3n Energ\u00e9tica seg\u00fan norma UNE-EN ISO 50001.<\/li>\n<li>Ejecuci\u00f3n de estudios de e\ufb01ciencia energ\u00e9tica<\/li>\n<li>Ejecuci\u00f3n de la Ingenier\u00eda correspondiente tras la resoluci\u00f3n de las Auditor\u00edas Energ\u00e9ticas, mejoras de equipos, sistemas, procesos, implantaci\u00f3n de sistemas de aprovechamiento de energ\u00edas renovables, cogeneraci\u00f3n y cualquier otro proyecto relacionado.<\/li>\n<\/ul>\n<p><strong>\u00a0<\/strong><\/p>\n<p>[\/vc_column_text][\/vc_column][\/vc_row][\/vc_section]<\/p>\n","protected":false},"excerpt":{"rendered":"<p>[vc_section][vc_row][vc_column][vc_column_text] Certificado de eficiencia energ\u00e9tica [\/vc_column_text][\/vc_column][\/vc_row][vc_row][vc_column][vc_column_text]En Proteyco venimos desarrollando y trabajando bastantes a\u00f1os en mejorar la certificaci\u00f3n energ\u00e9tica de grandes y representativos edificios en Madrid, en base a un estudio minucioso del edificio y de las instalaciones que lo componen. Dentro de este art\u00edculo queremos reflejar la situaci\u00f3n actual y hacia donde vamos con los [&hellip;]<\/p>\n","protected":false},"author":1,"featured_media":0,"parent":0,"menu_order":0,"comment_status":"closed","ping_status":"closed","template":"","meta":{"footnotes":""},"class_list":["post-2116","page","type-page","status-publish","hentry"],"yoast_head":"<!-- This site is optimized with the Yoast SEO plugin v27.6 - https:\/\/yoast.com\/product\/yoast-seo-wordpress\/ -->\n<title>Certificaci\u00f3n Energ\u00e9tica - Proteyco<\/title>\n<meta name=\"robots\" content=\"index, follow, max-snippet:-1, max-image-preview:large, max-video-preview:-1\" \/>\n<link rel=\"canonical\" href=\"https:\/\/www.proteyco.es\/en\/certificacion-energetica\/\" \/>\n<meta property=\"og:locale\" content=\"en_US\" \/>\n<meta property=\"og:type\" content=\"article\" \/>\n<meta property=\"og:title\" content=\"Certificaci\u00f3n Energ\u00e9tica - Proteyco\" \/>\n<meta property=\"og:description\" content=\"[vc_section][vc_row][vc_column][vc_column_text] Certificado de eficiencia energ\u00e9tica [\/vc_column_text][\/vc_column][\/vc_row][vc_row][vc_column][vc_column_text]En Proteyco venimos desarrollando y trabajando bastantes a\u00f1os en mejorar la certificaci\u00f3n energ\u00e9tica de grandes y representativos edificios en Madrid, en base a un estudio minucioso del edificio y de las instalaciones que lo componen. Dentro de este art\u00edculo queremos reflejar la situaci\u00f3n actual y hacia donde vamos con los [&hellip;]\" \/>\n<meta property=\"og:url\" content=\"https:\/\/www.proteyco.es\/en\/certificacion-energetica\/\" \/>\n<meta property=\"og:site_name\" content=\"Proteyco\" \/>\n<meta property=\"article:modified_time\" content=\"2022-09-20T07:30:23+00:00\" \/>\n<meta name=\"twitter:card\" content=\"summary_large_image\" \/>\n<meta name=\"twitter:site\" content=\"@Proteyco\" \/>\n<meta name=\"twitter:label1\" content=\"Est. reading time\" \/>\n\t<meta name=\"twitter:data1\" content=\"5 minutes\" \/>\n<script type=\"application\/ld+json\" class=\"yoast-schema-graph\">{\"@context\":\"https:\\\/\\\/schema.org\",\"@graph\":[{\"@type\":\"WebPage\",\"@id\":\"https:\\\/\\\/www.proteyco.es\\\/en\\\/certificacion-energetica\\\/\",\"url\":\"https:\\\/\\\/www.proteyco.es\\\/en\\\/certificacion-energetica\\\/\",\"name\":\"Certificaci\u00f3n Energ\u00e9tica - Proteyco\",\"isPartOf\":{\"@id\":\"https:\\\/\\\/www.proteyco.es\\\/en\\\/#website\"},\"datePublished\":\"2019-03-25T11:18:37+00:00\",\"dateModified\":\"2022-09-20T07:30:23+00:00\",\"breadcrumb\":{\"@id\":\"https:\\\/\\\/www.proteyco.es\\\/en\\\/certificacion-energetica\\\/#breadcrumb\"},\"inLanguage\":\"en-US\",\"potentialAction\":[{\"@type\":\"ReadAction\",\"target\":[\"https:\\\/\\\/www.proteyco.es\\\/en\\\/certificacion-energetica\\\/\"]}]},{\"@type\":\"BreadcrumbList\",\"@id\":\"https:\\\/\\\/www.proteyco.es\\\/en\\\/certificacion-energetica\\\/#breadcrumb\",\"itemListElement\":[{\"@type\":\"ListItem\",\"position\":1,\"name\":\"Portada\",\"item\":\"https:\\\/\\\/www.proteyco.es\\\/en\\\/\"},{\"@type\":\"ListItem\",\"position\":2,\"name\":\"Certificaci\u00f3n Energ\u00e9tica\"}]},{\"@type\":\"WebSite\",\"@id\":\"https:\\\/\\\/www.proteyco.es\\\/en\\\/#website\",\"url\":\"https:\\\/\\\/www.proteyco.es\\\/en\\\/\",\"name\":\"Proteyco, Ingenier\u00eda y Urbanismo\",\"description\":\"Ingenier\u00eda y Urbanismo\",\"publisher\":{\"@id\":\"https:\\\/\\\/www.proteyco.es\\\/en\\\/#organization\"},\"potentialAction\":[{\"@type\":\"SearchAction\",\"target\":{\"@type\":\"EntryPoint\",\"urlTemplate\":\"https:\\\/\\\/www.proteyco.es\\\/en\\\/?s={search_term_string}\"},\"query-input\":{\"@type\":\"PropertyValueSpecification\",\"valueRequired\":true,\"valueName\":\"search_term_string\"}}],\"inLanguage\":\"en-US\"},{\"@type\":\"Organization\",\"@id\":\"https:\\\/\\\/www.proteyco.es\\\/en\\\/#organization\",\"name\":\"Proteyco Ingenier\u00eda y Urbanismo\",\"url\":\"https:\\\/\\\/www.proteyco.es\\\/en\\\/\",\"logo\":{\"@type\":\"ImageObject\",\"inLanguage\":\"en-US\",\"@id\":\"https:\\\/\\\/www.proteyco.es\\\/en\\\/#\\\/schema\\\/logo\\\/image\\\/\",\"url\":\"https:\\\/\\\/www.proteyco.es\\\/wp-content\\\/uploads\\\/2016\\\/07\\\/Logo-proteyco.png\",\"contentUrl\":\"https:\\\/\\\/www.proteyco.es\\\/wp-content\\\/uploads\\\/2016\\\/07\\\/Logo-proteyco.png\",\"width\":142,\"height\":71,\"caption\":\"Proteyco Ingenier\u00eda y Urbanismo\"},\"image\":{\"@id\":\"https:\\\/\\\/www.proteyco.es\\\/en\\\/#\\\/schema\\\/logo\\\/image\\\/\"},\"sameAs\":[\"https:\\\/\\\/x.com\\\/Proteyco\",\"https:\\\/\\\/www.linkedin.com\\\/company\\\/proteyco-ib-rica-s.a.\",\"https:\\\/\\\/www.youtube.com\\\/channel\\\/UCz7LVFTQjK_wKB9pI1JWrQQ\"]}]}<\/script>\n<!-- \/ Yoast SEO plugin. -->","yoast_head_json":{"title":"Certificaci\u00f3n Energ\u00e9tica - Proteyco","robots":{"index":"index","follow":"follow","max-snippet":"max-snippet:-1","max-image-preview":"max-image-preview:large","max-video-preview":"max-video-preview:-1"},"canonical":"https:\/\/www.proteyco.es\/en\/certificacion-energetica\/","og_locale":"en_US","og_type":"article","og_title":"Certificaci\u00f3n Energ\u00e9tica - Proteyco","og_description":"[vc_section][vc_row][vc_column][vc_column_text] Certificado de eficiencia energ\u00e9tica [\/vc_column_text][\/vc_column][\/vc_row][vc_row][vc_column][vc_column_text]En Proteyco venimos desarrollando y trabajando bastantes a\u00f1os en mejorar la certificaci\u00f3n energ\u00e9tica de grandes y representativos edificios en Madrid, en base a un estudio minucioso del edificio y de las instalaciones que lo componen. Dentro de este art\u00edculo queremos reflejar la situaci\u00f3n actual y hacia donde vamos con los [&hellip;]","og_url":"https:\/\/www.proteyco.es\/en\/certificacion-energetica\/","og_site_name":"Proteyco","article_modified_time":"2022-09-20T07:30:23+00:00","twitter_card":"summary_large_image","twitter_site":"@Proteyco","twitter_misc":{"Est. reading time":"5 minutes"},"schema":{"@context":"https:\/\/schema.org","@graph":[{"@type":"WebPage","@id":"https:\/\/www.proteyco.es\/en\/certificacion-energetica\/","url":"https:\/\/www.proteyco.es\/en\/certificacion-energetica\/","name":"Certificaci\u00f3n Energ\u00e9tica - Proteyco","isPartOf":{"@id":"https:\/\/www.proteyco.es\/en\/#website"},"datePublished":"2019-03-25T11:18:37+00:00","dateModified":"2022-09-20T07:30:23+00:00","breadcrumb":{"@id":"https:\/\/www.proteyco.es\/en\/certificacion-energetica\/#breadcrumb"},"inLanguage":"en-US","potentialAction":[{"@type":"ReadAction","target":["https:\/\/www.proteyco.es\/en\/certificacion-energetica\/"]}]},{"@type":"BreadcrumbList","@id":"https:\/\/www.proteyco.es\/en\/certificacion-energetica\/#breadcrumb","itemListElement":[{"@type":"ListItem","position":1,"name":"Portada","item":"https:\/\/www.proteyco.es\/en\/"},{"@type":"ListItem","position":2,"name":"Certificaci\u00f3n Energ\u00e9tica"}]},{"@type":"WebSite","@id":"https:\/\/www.proteyco.es\/en\/#website","url":"https:\/\/www.proteyco.es\/en\/","name":"Proteyco, Ingenier\u00eda y Urbanismo","description":"Ingenier\u00eda y Urbanismo","publisher":{"@id":"https:\/\/www.proteyco.es\/en\/#organization"},"potentialAction":[{"@type":"SearchAction","target":{"@type":"EntryPoint","urlTemplate":"https:\/\/www.proteyco.es\/en\/?s={search_term_string}"},"query-input":{"@type":"PropertyValueSpecification","valueRequired":true,"valueName":"search_term_string"}}],"inLanguage":"en-US"},{"@type":"Organization","@id":"https:\/\/www.proteyco.es\/en\/#organization","name":"Proteyco Ingenier\u00eda y Urbanismo","url":"https:\/\/www.proteyco.es\/en\/","logo":{"@type":"ImageObject","inLanguage":"en-US","@id":"https:\/\/www.proteyco.es\/en\/#\/schema\/logo\/image\/","url":"https:\/\/www.proteyco.es\/wp-content\/uploads\/2016\/07\/Logo-proteyco.png","contentUrl":"https:\/\/www.proteyco.es\/wp-content\/uploads\/2016\/07\/Logo-proteyco.png","width":142,"height":71,"caption":"Proteyco Ingenier\u00eda y Urbanismo"},"image":{"@id":"https:\/\/www.proteyco.es\/en\/#\/schema\/logo\/image\/"},"sameAs":["https:\/\/x.com\/Proteyco","https:\/\/www.linkedin.com\/company\/proteyco-ib-rica-s.a.","https:\/\/www.youtube.com\/channel\/UCz7LVFTQjK_wKB9pI1JWrQQ"]}]}},"_links":{"self":[{"href":"https:\/\/www.proteyco.es\/en\/wp-json\/wp\/v2\/pages\/2116","targetHints":{"allow":["GET"]}}],"collection":[{"href":"https:\/\/www.proteyco.es\/en\/wp-json\/wp\/v2\/pages"}],"about":[{"href":"https:\/\/www.proteyco.es\/en\/wp-json\/wp\/v2\/types\/page"}],"author":[{"embeddable":true,"href":"https:\/\/www.proteyco.es\/en\/wp-json\/wp\/v2\/users\/1"}],"replies":[{"embeddable":true,"href":"https:\/\/www.proteyco.es\/en\/wp-json\/wp\/v2\/comments?post=2116"}],"version-history":[{"count":3,"href":"https:\/\/www.proteyco.es\/en\/wp-json\/wp\/v2\/pages\/2116\/revisions"}],"predecessor-version":[{"id":8593,"href":"https:\/\/www.proteyco.es\/en\/wp-json\/wp\/v2\/pages\/2116\/revisions\/8593"}],"wp:attachment":[{"href":"https:\/\/www.proteyco.es\/en\/wp-json\/wp\/v2\/media?parent=2116"}],"curies":[{"name":"wp","href":"https:\/\/api.w.org\/{rel}","templated":true}]}}