{"id":2113,"date":"2020-01-31T13:05:45","date_gmt":"2020-01-31T11:05:45","guid":{"rendered":"https:\/\/www.proteyco.es\/plan-autoproteccion\/"},"modified":"2020-12-21T19:29:09","modified_gmt":"2020-12-21T17:29:09","slug":"plan-autoproteccion","status":"publish","type":"page","link":"https:\/\/www.proteyco.es\/en\/plan-autoproteccion\/","title":{"rendered":"Plan Autoprotecci\u00f3n"},"content":{"rendered":"<p>[vc_section][vc_row][vc_column][vc_column_text]<\/p>\n<h1 class=\"text-center\">Plan de Autoprotecci\u00f3n<\/h1>\n<div class=\"titleline-center\"><\/div>\n<p>[\/vc_column_text][\/vc_column][\/vc_row][vc_row][vc_column][vc_column_text]Hoy en d\u00eda el concepto de <em>autoprotecci\u00f3n <\/em>ha alcanzado cotas muy importantes que no solo se circunscriben al mundo laboral sino que abarca cada vez m\u00e1s actividades empresariales y recreativas<\/p>\n<p>El <strong>Plan de Autoprotecci\u00f3n<\/strong> es un documento cuya finalidad es que constituya una gu\u00eda que tiene como objetivo principal el establecer los criterios esenciales para la regulaci\u00f3n de la autoprotecci\u00f3n, y para la elaboraci\u00f3n, implantaci\u00f3n material efectiva y mantenimiento de su eficacia, as\u00ed como para una intervenci\u00f3n inmediata y coordinada de los medios que sean precisos para combatir las emergencias, minimizando al m\u00e1ximo sus consecuencias y preparando la posible intervenci\u00f3n de los recursos y medios de extinci\u00f3n exteriores (Bomberos, SAMUR, diferentes cuerpos policiales, Protecci\u00f3n Civil, etc.) dentro de un establecimiento, edificio, industria, recinto, etc.<\/p>\n<p>Un <strong>Plan de Autoprotecci\u00f3n<\/strong> debe obedecer a la filosof\u00eda de un documento <em>din\u00e1mico o vivo<\/em>, es decir, no es un documento que debe guardarse pues no ser\u00eda \u00fatil para la gesti\u00f3n de las emergencias. Ser\u00e1 necesario revisarlo peri\u00f3dicamente de forma que se actualicen los cambios que se vayan introduciendo en los usos o actividades a desarrollar, o incluir aquellos cambios en los recursos humanos para la gesti\u00f3n de las emergencias.[\/vc_column_text][\/vc_column][\/vc_row][\/vc_section][vc_section][vc_row][vc_column][vc_column_text]<\/p>\n<h2>Normativa<\/h2>\n<p>La Norma B\u00e1sica de Autoprotecci\u00f3n (RD 393\/2007) establece la obligaci\u00f3n de elaborar, implantar materialmente y mantener operativos los <strong>Planes de Autoprotecci\u00f3n<\/strong>, y determina el contenido m\u00ednimo que debe incorporar el documento en s\u00ed en aquellas actividades, centros, establecimientos, espacios, instalaciones y dependencias que potencialmente pueden generar o resultar afectadas por situaciones de emergencia.<\/p>\n<p>En el Anexo I de la Norma B\u00e1sica de Autoprotecci\u00f3n (RD 393\/2007) se especifican aquellas actividades que deben contar con un <strong>Plan de Autoprotecci\u00f3n<\/strong>, atendiendo a su peligrosidad, aforo, superficie, etc. como por ejemplo:<\/p>\n<ol>\n<li>Actividades industriales, de almacenamiento y de investigaci\u00f3n en los que intervienen sustancias peligrosas, explosivas, con residuos peligrosos, etc.<\/li>\n<li>Actividades de infraestructuras de transporte.<\/li>\n<li>Actividades e infraestructuras energ\u00e9ticas.<\/li>\n<li>Actividades de espect\u00e1culos p\u00fablicos y recreativas.<\/li>\n<li>Actividades sanitarias.<\/li>\n<li>Actividades docentes.<\/li>\n<li>Actividades residenciales p\u00fablicas.<\/li>\n<\/ol>\n<p>No obstante, en la ciudad de Madrid hemos de tener en cuenta lo estipulado para cada actividad en la OPI 93 (Ordenanza de Prevenci\u00f3n de Incendios) siendo necesario revisar el articulado en cada caso particular para determinar aquellas actividades de uso administrativo, industrial, p\u00fablica concurrencia, cultural y docente, comercial etc. que deban disponer de <strong>Plan de Autoprotecci\u00f3n<\/strong>, y siendo esta Ordenanza municipal m\u00e1s restrictiva, y abarcando un mayor n\u00famero de actividades que la Norma B\u00e1sica de Autoprotecci\u00f3n.[\/vc_column_text][\/vc_column][\/vc_row][vc_row][vc_column][vc_column_text]<\/p>\n<h2>Documentaci\u00f3n y contenido m\u00ednimo de un Plan de Autoprotecci\u00f3n<\/h2>\n<p>El <strong>Plan de Autoprotecci\u00f3n<\/strong> debe estar redactado y firmado por t\u00e9cnico competente capacitado para dictaminar sobre aquellos aspectos relacionados con la autoprotecci\u00f3n frente a los riesgos a los que est\u00e9 sujeta la actividad, y suscrito igualmente por el titular de la actividad, si es una persona f\u00edsica, o por persona que le represente si es una persona jur\u00eddica.<\/p>\n<p>La documentaci\u00f3n t\u00e9cnica que como m\u00ednimo debe incluir un <strong>Plan de Autoprotecci\u00f3n<\/strong> independientemente del tipo de edificio, dependencia, recinto o instalaci\u00f3n de que se trate queda reflejada en el Anexo II de la Norma B\u00e1sica de Autoprotecci\u00f3n (RD 393\/2007):<\/p>\n<p><strong>\u00a0<\/strong><\/p>\n<ul>\n<li><strong>Cap\u00edtulo 1<\/strong>. <strong>Identificaci\u00f3n de los titulares y del emplazamiento de la actividad.<\/strong>\n<ul>\n<li>Datos identificativos de la propiedad, tipo de actividad, direcciones, emplazamientos, identificaci\u00f3n del Director del Plan de Autoprotecci\u00f3n.<\/li>\n<\/ul>\n<\/li>\n<\/ul>\n<ul>\n<li><strong>Cap\u00edtulo 2. Descripci\u00f3n detallada de la actividad.<\/strong>\n<ul>\n<li>Descripci\u00f3n de cada una de las actividades desarrolladas objeto del Plan.<\/li>\n<li>Descripci\u00f3n del centro o establecimiento, dependencias e instalaciones donde se desarrollen las actividades objeto del Plan.<\/li>\n<li>Clasificaci\u00f3n y descripci\u00f3n de los usuarios.<\/li>\n<li>Descripci\u00f3n del entorno urbano, industrial o natural en el que figuren los edificios, instalaciones y \u00e1reas donde se desarrolla la actividad.<\/li>\n<li>Descripci\u00f3n de los accesos. Condiciones de accesibilidad para la ayuda externa.<\/li>\n<\/ul>\n<\/li>\n<\/ul>\n<ul>\n<li><strong>Cap\u00edtulo 3. Inventario, an\u00e1lisis y evaluaci\u00f3n de riesgos.<\/strong>\n<ul>\n<li>Descripci\u00f3n e identificaci\u00f3n de los elementos, instalaciones, procesos productivos y\/o locales que pueden dar origen a situaciones de riesgo.<\/li>\n<li>Identificaci\u00f3n, an\u00e1lisis y evaluaci\u00f3n de los riesgos propios de la actividad y externos que pudieran afectarle.<\/li>\n<li>Identificaci\u00f3n, cuantificaci\u00f3n y tipolog\u00eda de las personas tanto afectas a la actividad como ajenas a la misma.<\/li>\n<\/ul>\n<\/li>\n<\/ul>\n<ul>\n<li><strong>Cap\u00edtulo 4. Inventario y descripci\u00f3n de las medidas y medios de autoprotecci\u00f3n.<\/strong>\n<ul>\n<li>Inventario y descripci\u00f3n de las medidas y medios, humanos y materiales, que dispone la entidad para controlar los riesgos detectados, enfrentar las situaciones de emergencia y facilitar la intervenci\u00f3n de los Servicios Externos.<\/li>\n<li>Enumeraci\u00f3n de las medidas y los medios, humanos y materiales, disponibles en aplicaci\u00f3n de disposiciones espec\u00edficas en materia de seguridad.<\/li>\n<\/ul>\n<\/li>\n<\/ul>\n<ul>\n<li><strong>Cap\u00edtulo 5. Programa de mantenimiento de las instalaciones.<\/strong>\n<ul>\n<li>Descripci\u00f3n del mantenimiento preventivo de las instalaciones de riesgo, que garantiza el control de las mismas<\/li>\n<li>Descripci\u00f3n del mantenimiento preventivo de las instalaciones de protecci\u00f3n, que garantiza la operatividad de las mismas<\/li>\n<li>Realizaci\u00f3n de las inspecciones de seguridad de acuerdo con la normativa vigente<\/li>\n<\/ul>\n<\/li>\n<\/ul>\n<ul>\n<li><strong>Cap\u00edtulo 6. Plan de actuaci\u00f3n ante emergencias.<\/strong>\n<ul>\n<li>Definici\u00f3n de las acciones a desarrollar para el control inicial de las emergencias, garantiz\u00e1ndose la alarma, la evacuaci\u00f3n y el socorro. Debe comprender los siguientes puntos:\n<ul>\n<li>Identificaci\u00f3n y clasificaci\u00f3n de las emergencias.<\/li>\n<li>Procedimientos de actuaci\u00f3n ante emergencias.<\/li>\n<li>Identificaci\u00f3n de y funciones de las personas y equipos que llevan a cabo los procedimientos de actuaci\u00f3n de emergencias.<\/li>\n<li>Identificaci\u00f3n del responsable de la puesta en marcha del Plan de Actuaci\u00f3n.<\/li>\n<\/ul>\n<\/li>\n<\/ul>\n<\/li>\n<\/ul>\n<ul>\n<li><strong>Cap\u00edtulo 7. Integraci\u00f3n del Plan de Autoprotecci\u00f3n en otros de \u00e1mbito superior.<\/strong>\n<ul>\n<li>Protocolos de notificaci\u00f3n de la emergencia.<\/li>\n<li>Coordinaci\u00f3n entre la direcci\u00f3n del Plan de Autoprotecci\u00f3n y la direcci\u00f3n del Plan de Protecci\u00f3n Civil.<\/li>\n<li>Formas de colaboraci\u00f3n de la Organizaci\u00f3n de la Autoprotecci\u00f3n con los planes y las actuaciones del sistema p\u00fablico de Protecci\u00f3n Civil.<\/li>\n<li>Identificaci\u00f3n de los protocolos de notificaci\u00f3n de la emergencia, coordinaci\u00f3n entre la direcci\u00f3n del Plan de Autoprotecci\u00f3n y la direcci\u00f3n del Plan de Protecci\u00f3n Civil.<\/li>\n<\/ul>\n<\/li>\n<\/ul>\n<ul>\n<li><strong>Cap\u00edtulo 8. Implantaci\u00f3n del Plan de Autoprotecci\u00f3n.<\/strong>\n<ul>\n<li>Identificaci\u00f3n del responsable de la implantaci\u00f3n.<\/li>\n<li>Programa de formaci\u00f3n y capacitaci\u00f3n para el personal con participaci\u00f3n activa en el Plan de Autoprotecci\u00f3n.<\/li>\n<li>Programa de formaci\u00f3n y capacitaci\u00f3n para todo el personal sobre el Plan de Autoprotecci\u00f3n.<\/li>\n<li>Se\u00f1alizaci\u00f3n y normas para la actuaci\u00f3n de los visitantes.<\/li>\n<li>Programa de dotaci\u00f3n y adecuaci\u00f3n de medios materiales y recursos.<\/li>\n<\/ul>\n<\/li>\n<\/ul>\n<ul>\n<li><strong>Cap\u00edtulo 9. Mantenimiento de la eficacia y actualizaci\u00f3n del Plan de Autoprotecci\u00f3n.<\/strong>\n<ul>\n<li>Descripci\u00f3n del Programa de reciclaje de formaci\u00f3n e informaci\u00f3n.<\/li>\n<li>Descripci\u00f3n del Programa de sustituci\u00f3n de medios y recursos.<\/li>\n<li>Descripci\u00f3n del Programa de ejercicios y simulacros.<\/li>\n<li>Descripci\u00f3n del Programa de revisi\u00f3n y actualizaci\u00f3n de toda la documentaci\u00f3n que forma parte del Plan de Autoprotecci\u00f3n.<\/li>\n<\/ul>\n<\/li>\n<\/ul>\n<ul>\n<li><strong>Anexo I. Directorio de comunicaci\u00f3n<\/strong><\/li>\n<li><strong>Anexo II. Formulario para la gesti\u00f3n de emergencias<\/strong><\/li>\n<li><strong>Anexo III. Planos<\/strong><\/li>\n<\/ul>\n<p style=\"padding-left: 40px;\">Los suficientes para que recojan la descripci\u00f3n gr\u00e1fica que se indica a continuaci\u00f3n:<\/p>\n<ul>\n<li style=\"list-style-type: none;\">\n<ul>\n<li>De situaci\u00f3n, comprendiendo el entorno pr\u00f3ximo urbano, industrial o natural en el que figuren los accesos, comunicaciones, etc.<\/li>\n<li>Descriptivos de todas las plantas de los edificios, de las instalaciones y de las \u00e1reas donde se realiza la actividad.<\/li>\n<li>De ubicaci\u00f3n por plantas de todos los elementos y\/o instalaciones de riesgo, tanto los propios como los del entorno.<\/li>\n<li>De los medios de ubicaci\u00f3n de los medios de autoprotecci\u00f3n conforme a la normativa UNE.<\/li>\n<li>De recorridos de evacuaci\u00f3n y \u00e1reas de confinamiento, reflejando el n\u00famero de personas a evacuar o confinar por plantas o \u00e1reas de los mismos seg\u00fan los criterios fijados en la normativa vigente.<\/li>\n<li>De compartimentaci\u00f3n de \u00e1reas o sectores de riesgo de las zonas de los Edificios.<\/li>\n<\/ul>\n<\/li>\n<\/ul>\n<p>[\/vc_column_text][\/vc_column][\/vc_row][vc_row][vc_column][vc_column_text]<\/p>\n<h2>Vigencia<\/h2>\n<p>Por \u00faltimo indicar que el <strong>Plan de Autoprotecci\u00f3n<\/strong> tiene una vigencia indeterminada, si bien \u00e9ste debe mantenerse actualizado y se revisar\u00e1, al menos con una periodicidad no superior a <u>tres a\u00f1os<\/u> o cuando se realicen reformas o actuaciones que modifiquen sustancialmente las condiciones de seguridad del establecimiento, recinto, edificio, etc.[\/vc_column_text][\/vc_column][\/vc_row][vc_row][vc_column][vc_column_text]<\/p>\n<h2>Simulacros de emergencia<\/h2>\n<p>Los ejercicios de simulacros sirven para <u>evaluar<\/u> el <strong>Plan de Autoprotecci\u00f3n<\/strong>, asegurando la eficacia y la operatividad de la actuaci\u00f3n en caso de emergencia.<\/p>\n<p>La periodicidad de dichos ejercicios debe quedar establecida en el <strong>Plan de Autoprotecci\u00f3n<\/strong>, debiendo, como m\u00ednimo, realizar un ejercicio de simulacro de evacuaci\u00f3n global una vez al a\u00f1o.<\/p>\n<p>Los ejercicios de simulacros ayudan a sensibilizar al personal en general ante una situaci\u00f3n de emergencia.<\/p>\n<p>Entre los objetivos principales de un simulacro se encuentran:<\/p>\n<ul>\n<li>Entrenar al personal.<\/li>\n<li>Detectar posibles anomal\u00edas.<\/li>\n<li>Comprobar y controlar los tiempos de activaci\u00f3n y evacuaci\u00f3n.<\/li>\n<\/ul>\n<p>Se trata de observar la idoneidad de los equipos de emergencia, as\u00ed como las posibles circunstancias no tenidas en cuenta en el desarrollo del plan de actuaci\u00f3n, o anomal\u00edas en el desarrollo de las instrucciones recibidas[\/vc_column_text][\/vc_column][\/vc_row][vc_row][vc_column][vc_column_text]<\/p>\n<h2>Registro de Datos de Planes de Autoprotecci\u00f3n<\/h2>\n<p>El <u>Registro de Datos de Planes de Autoprotecci\u00f3n<\/u> (Decreto 74\/2017 del Consejo de Gobierno de la Comunidad de Madrid) permite la inscripci\u00f3n de los datos m\u00e1s relevantes para la protecci\u00f3n civil de los planes de autoprotecci\u00f3n de aquellos\u00a0centros, establecimientos, espacios, instalaciones y dependencias dedicados a actividades que puedan dar origen a situaciones de emergencia\u00a0existentes en la Comunidad de Madrid y que deban disponer de <strong>Plan de Autoprotecci\u00f3n<\/strong> y una vez que estos ya han sido implantados.[\/vc_column_text][\/vc_column][\/vc_row][vc_row][vc_column][vc_column_text]<\/p>\n<h2>Obligaciones de los titulares de las actividades<\/h2>\n<p>Las obligaciones de los titulares de las actividades que deban contar con Plan de Autoprotecci\u00f3n son las siguientes:<\/p>\n<ul>\n<li>Elaborar el <strong>Plan de Autoprotecci\u00f3n<\/strong> correspondiente a su actividad.<\/li>\n<li>Presentar el <strong>Plan de Autoprotecci\u00f3n<\/strong> ante el \u00f3rgano de la Administraci\u00f3n P\u00fablica competente.<\/li>\n<li>Desarrollar todas aquellas actuaciones para la implantaci\u00f3n y el mantenimiento de la eficacia del <strong>Plan de Autoprotecci\u00f3n<\/strong>.<\/li>\n<li>Solicitar la inscripci\u00f3n en el Registro de Datos de Planes de Autoprotecci\u00f3n.<\/li>\n<li>Informar y formar al personal a sus servicios en los contenidos del <strong>Plan de Autoprotecci\u00f3n<\/strong>.<\/li>\n<li>Informar al \u00f3rgano que otorga la licencia o permiso para la explotaci\u00f3n o inicio de la actividad acerca de cualquier modificaci\u00f3n o cambio sustancial en la actividad, en las instalaciones, en el personal de las emergencias, etc., en definitiva, todo aquello que pueda afectar a la autoprotecci\u00f3n.<\/li>\n<li>Implantar el <strong>Plan de Autoprotecci\u00f3n<\/strong>, con formaci\u00f3n a todo el personal de emergencias en su cometido espec\u00edfico, as\u00ed como en la realizaci\u00f3n de los simulacros establecidos en el Plan de Autoprotecci\u00f3n.<\/li>\n<\/ul>\n<p>En <strong>Proteyco<\/strong> contamos con profesionales especializados en \u00e9stas \u00e1reas capaces realizar este tipo de trabajos que abarcan desde la <u>elaboraci\u00f3n del <strong>Plan de Autoprotecci\u00f3n<\/strong><\/u>, bien sea previo al inicio de una actividad o bien para actividades ya en funcionamiento, como <u>formaci\u00f3n<\/u> al personal de emergencia impartiendo cursos espec\u00edficos adaptados a las necesidades y singularidades de cada actividad, <u>preparaci\u00f3n y gesti\u00f3n integral de simulacros<\/u> de emergencia, y tramitaciones necesarias para obtenci\u00f3n de la <u>inscripci\u00f3n en el Registro de Datos de Planes de Autoprotecci\u00f3n<\/u>.[\/vc_column_text][\/vc_column][\/vc_row][\/vc_section]<\/p>\n","protected":false},"excerpt":{"rendered":"<p>[vc_section][vc_row][vc_column][vc_column_text] Plan de Autoprotecci\u00f3n [\/vc_column_text][\/vc_column][\/vc_row][vc_row][vc_column][vc_column_text]Hoy en d\u00eda el concepto de autoprotecci\u00f3n ha alcanzado cotas muy importantes que no solo se circunscriben al mundo laboral sino que abarca cada vez m\u00e1s actividades empresariales y recreativas El Plan de Autoprotecci\u00f3n es un documento cuya finalidad es que constituya una gu\u00eda que tiene como objetivo principal el establecer [&hellip;]<\/p>\n","protected":false},"author":1,"featured_media":0,"parent":0,"menu_order":0,"comment_status":"closed","ping_status":"closed","template":"","meta":{"footnotes":""},"class_list":["post-2113","page","type-page","status-publish","hentry"],"yoast_head":"<!-- This site is optimized with the Yoast SEO plugin v27.5 - https:\/\/yoast.com\/product\/yoast-seo-wordpress\/ -->\n<title>Plan Autoprotecci\u00f3n - Proteyco<\/title>\n<meta name=\"robots\" content=\"index, follow, max-snippet:-1, max-image-preview:large, max-video-preview:-1\" \/>\n<link rel=\"canonical\" href=\"https:\/\/www.proteyco.es\/en\/plan-autoproteccion\/\" \/>\n<meta property=\"og:locale\" content=\"en_US\" \/>\n<meta property=\"og:type\" content=\"article\" \/>\n<meta property=\"og:title\" content=\"Plan Autoprotecci\u00f3n - Proteyco\" \/>\n<meta property=\"og:description\" content=\"[vc_section][vc_row][vc_column][vc_column_text] Plan de Autoprotecci\u00f3n [\/vc_column_text][\/vc_column][\/vc_row][vc_row][vc_column][vc_column_text]Hoy en d\u00eda el concepto de autoprotecci\u00f3n ha alcanzado cotas muy importantes que no solo se circunscriben al mundo laboral sino que abarca cada vez m\u00e1s actividades empresariales y recreativas El Plan de Autoprotecci\u00f3n es un documento cuya finalidad es que constituya una gu\u00eda que tiene como objetivo principal el establecer [&hellip;]\" \/>\n<meta property=\"og:url\" content=\"https:\/\/www.proteyco.es\/en\/plan-autoproteccion\/\" \/>\n<meta property=\"og:site_name\" content=\"Proteyco\" \/>\n<meta property=\"article:modified_time\" content=\"2020-12-21T17:29:09+00:00\" \/>\n<meta name=\"twitter:card\" content=\"summary_large_image\" \/>\n<meta name=\"twitter:site\" content=\"@Proteyco\" \/>\n<meta name=\"twitter:label1\" content=\"Est. reading time\" \/>\n\t<meta name=\"twitter:data1\" content=\"10 minutes\" \/>\n<script type=\"application\/ld+json\" class=\"yoast-schema-graph\">{\"@context\":\"https:\\\/\\\/schema.org\",\"@graph\":[{\"@type\":\"WebPage\",\"@id\":\"https:\\\/\\\/www.proteyco.es\\\/en\\\/plan-autoproteccion\\\/\",\"url\":\"https:\\\/\\\/www.proteyco.es\\\/en\\\/plan-autoproteccion\\\/\",\"name\":\"Plan Autoprotecci\u00f3n - Proteyco\",\"isPartOf\":{\"@id\":\"https:\\\/\\\/www.proteyco.es\\\/en\\\/#website\"},\"datePublished\":\"2020-01-31T11:05:45+00:00\",\"dateModified\":\"2020-12-21T17:29:09+00:00\",\"breadcrumb\":{\"@id\":\"https:\\\/\\\/www.proteyco.es\\\/en\\\/plan-autoproteccion\\\/#breadcrumb\"},\"inLanguage\":\"en-US\",\"potentialAction\":[{\"@type\":\"ReadAction\",\"target\":[\"https:\\\/\\\/www.proteyco.es\\\/en\\\/plan-autoproteccion\\\/\"]}]},{\"@type\":\"BreadcrumbList\",\"@id\":\"https:\\\/\\\/www.proteyco.es\\\/en\\\/plan-autoproteccion\\\/#breadcrumb\",\"itemListElement\":[{\"@type\":\"ListItem\",\"position\":1,\"name\":\"Portada\",\"item\":\"https:\\\/\\\/www.proteyco.es\\\/en\\\/\"},{\"@type\":\"ListItem\",\"position\":2,\"name\":\"Plan Autoprotecci\u00f3n\"}]},{\"@type\":\"WebSite\",\"@id\":\"https:\\\/\\\/www.proteyco.es\\\/en\\\/#website\",\"url\":\"https:\\\/\\\/www.proteyco.es\\\/en\\\/\",\"name\":\"Proteyco, Ingenier\u00eda y Urbanismo\",\"description\":\"Ingenier\u00eda y Urbanismo\",\"publisher\":{\"@id\":\"https:\\\/\\\/www.proteyco.es\\\/en\\\/#organization\"},\"potentialAction\":[{\"@type\":\"SearchAction\",\"target\":{\"@type\":\"EntryPoint\",\"urlTemplate\":\"https:\\\/\\\/www.proteyco.es\\\/en\\\/?s={search_term_string}\"},\"query-input\":{\"@type\":\"PropertyValueSpecification\",\"valueRequired\":true,\"valueName\":\"search_term_string\"}}],\"inLanguage\":\"en-US\"},{\"@type\":\"Organization\",\"@id\":\"https:\\\/\\\/www.proteyco.es\\\/en\\\/#organization\",\"name\":\"Proteyco Ingenier\u00eda y Urbanismo\",\"url\":\"https:\\\/\\\/www.proteyco.es\\\/en\\\/\",\"logo\":{\"@type\":\"ImageObject\",\"inLanguage\":\"en-US\",\"@id\":\"https:\\\/\\\/www.proteyco.es\\\/en\\\/#\\\/schema\\\/logo\\\/image\\\/\",\"url\":\"https:\\\/\\\/www.proteyco.es\\\/wp-content\\\/uploads\\\/2016\\\/07\\\/Logo-proteyco.png\",\"contentUrl\":\"https:\\\/\\\/www.proteyco.es\\\/wp-content\\\/uploads\\\/2016\\\/07\\\/Logo-proteyco.png\",\"width\":142,\"height\":71,\"caption\":\"Proteyco Ingenier\u00eda y Urbanismo\"},\"image\":{\"@id\":\"https:\\\/\\\/www.proteyco.es\\\/en\\\/#\\\/schema\\\/logo\\\/image\\\/\"},\"sameAs\":[\"https:\\\/\\\/x.com\\\/Proteyco\",\"https:\\\/\\\/www.linkedin.com\\\/company\\\/proteyco-ib-rica-s.a.\",\"https:\\\/\\\/www.youtube.com\\\/channel\\\/UCz7LVFTQjK_wKB9pI1JWrQQ\"]}]}<\/script>\n<!-- \/ Yoast SEO plugin. -->","yoast_head_json":{"title":"Plan Autoprotecci\u00f3n - Proteyco","robots":{"index":"index","follow":"follow","max-snippet":"max-snippet:-1","max-image-preview":"max-image-preview:large","max-video-preview":"max-video-preview:-1"},"canonical":"https:\/\/www.proteyco.es\/en\/plan-autoproteccion\/","og_locale":"en_US","og_type":"article","og_title":"Plan Autoprotecci\u00f3n - Proteyco","og_description":"[vc_section][vc_row][vc_column][vc_column_text] Plan de Autoprotecci\u00f3n [\/vc_column_text][\/vc_column][\/vc_row][vc_row][vc_column][vc_column_text]Hoy en d\u00eda el concepto de autoprotecci\u00f3n ha alcanzado cotas muy importantes que no solo se circunscriben al mundo laboral sino que abarca cada vez m\u00e1s actividades empresariales y recreativas El Plan de Autoprotecci\u00f3n es un documento cuya finalidad es que constituya una gu\u00eda que tiene como objetivo principal el establecer [&hellip;]","og_url":"https:\/\/www.proteyco.es\/en\/plan-autoproteccion\/","og_site_name":"Proteyco","article_modified_time":"2020-12-21T17:29:09+00:00","twitter_card":"summary_large_image","twitter_site":"@Proteyco","twitter_misc":{"Est. reading time":"10 minutes"},"schema":{"@context":"https:\/\/schema.org","@graph":[{"@type":"WebPage","@id":"https:\/\/www.proteyco.es\/en\/plan-autoproteccion\/","url":"https:\/\/www.proteyco.es\/en\/plan-autoproteccion\/","name":"Plan Autoprotecci\u00f3n - Proteyco","isPartOf":{"@id":"https:\/\/www.proteyco.es\/en\/#website"},"datePublished":"2020-01-31T11:05:45+00:00","dateModified":"2020-12-21T17:29:09+00:00","breadcrumb":{"@id":"https:\/\/www.proteyco.es\/en\/plan-autoproteccion\/#breadcrumb"},"inLanguage":"en-US","potentialAction":[{"@type":"ReadAction","target":["https:\/\/www.proteyco.es\/en\/plan-autoproteccion\/"]}]},{"@type":"BreadcrumbList","@id":"https:\/\/www.proteyco.es\/en\/plan-autoproteccion\/#breadcrumb","itemListElement":[{"@type":"ListItem","position":1,"name":"Portada","item":"https:\/\/www.proteyco.es\/en\/"},{"@type":"ListItem","position":2,"name":"Plan Autoprotecci\u00f3n"}]},{"@type":"WebSite","@id":"https:\/\/www.proteyco.es\/en\/#website","url":"https:\/\/www.proteyco.es\/en\/","name":"Proteyco, Ingenier\u00eda y Urbanismo","description":"Ingenier\u00eda y Urbanismo","publisher":{"@id":"https:\/\/www.proteyco.es\/en\/#organization"},"potentialAction":[{"@type":"SearchAction","target":{"@type":"EntryPoint","urlTemplate":"https:\/\/www.proteyco.es\/en\/?s={search_term_string}"},"query-input":{"@type":"PropertyValueSpecification","valueRequired":true,"valueName":"search_term_string"}}],"inLanguage":"en-US"},{"@type":"Organization","@id":"https:\/\/www.proteyco.es\/en\/#organization","name":"Proteyco Ingenier\u00eda y Urbanismo","url":"https:\/\/www.proteyco.es\/en\/","logo":{"@type":"ImageObject","inLanguage":"en-US","@id":"https:\/\/www.proteyco.es\/en\/#\/schema\/logo\/image\/","url":"https:\/\/www.proteyco.es\/wp-content\/uploads\/2016\/07\/Logo-proteyco.png","contentUrl":"https:\/\/www.proteyco.es\/wp-content\/uploads\/2016\/07\/Logo-proteyco.png","width":142,"height":71,"caption":"Proteyco Ingenier\u00eda y Urbanismo"},"image":{"@id":"https:\/\/www.proteyco.es\/en\/#\/schema\/logo\/image\/"},"sameAs":["https:\/\/x.com\/Proteyco","https:\/\/www.linkedin.com\/company\/proteyco-ib-rica-s.a.","https:\/\/www.youtube.com\/channel\/UCz7LVFTQjK_wKB9pI1JWrQQ"]}]}},"_links":{"self":[{"href":"https:\/\/www.proteyco.es\/en\/wp-json\/wp\/v2\/pages\/2113","targetHints":{"allow":["GET"]}}],"collection":[{"href":"https:\/\/www.proteyco.es\/en\/wp-json\/wp\/v2\/pages"}],"about":[{"href":"https:\/\/www.proteyco.es\/en\/wp-json\/wp\/v2\/types\/page"}],"author":[{"embeddable":true,"href":"https:\/\/www.proteyco.es\/en\/wp-json\/wp\/v2\/users\/1"}],"replies":[{"embeddable":true,"href":"https:\/\/www.proteyco.es\/en\/wp-json\/wp\/v2\/comments?post=2113"}],"version-history":[{"count":1,"href":"https:\/\/www.proteyco.es\/en\/wp-json\/wp\/v2\/pages\/2113\/revisions"}],"predecessor-version":[{"id":2119,"href":"https:\/\/www.proteyco.es\/en\/wp-json\/wp\/v2\/pages\/2113\/revisions\/2119"}],"wp:attachment":[{"href":"https:\/\/www.proteyco.es\/en\/wp-json\/wp\/v2\/media?parent=2113"}],"curies":[{"name":"wp","href":"https:\/\/api.w.org\/{rel}","templated":true}]}}